{"id":10862,"date":"2024-09-20T17:26:47","date_gmt":"2024-09-20T15:26:47","guid":{"rendered":"https:\/\/arorian.com\/?page_id=10862"},"modified":"2025-04-24T10:28:24","modified_gmt":"2025-04-24T08:28:24","slug":"codebeamer-and-windchill-integration","status":"publish","type":"page","link":"https:\/\/arorian.com\/de\/codebeamer-und-windchill-integration\/","title":{"rendered":"Blog: Nahtlose Integration von Codebeamer und Windchill f\u00fcr ALM-PLM"},"content":{"rendered":"<div  data-label=\"Content\" data-id=\"content--1\" data-export-id=\"content-7\" data-category=\"content\" class=\"content-7 content-section content-section-spacing white-text\" id=\"content-1\" style=\"background-color: rgb(255, 255, 255); background-image: url(&quot;https:\/\/arorian.com\/wp-content\/uploads\/2024\/09\/Codebeamer-and-Windchill-Integration-blog-banner.jpg&quot;); background-size: cover; background-position: center top;\" data-section-ov=\"1\"><div  class=\"gridContainer\"> <div  class=\"row middle-sm\"><div  class=\"col-sm-6 space-bottom-xs\" data-type=\"column\"> <h4  class=\"\">BLOG<\/h4><h1  class=\"\">Integration von Codebeamer und Windchill: Rationalisierung von ALM und PLM f\u00fcr nahtlose Zusammenarbeit<\/h1>  <\/div> <div  class=\"col-sm-6\" data-type=\"column\"> <\/div> <\/div><\/div> <\/div><div  data-label=\"Content\" data-id=\"content--12\" data-export-id=\"content-7\" data-category=\"content\" class=\"content-7 content-section content-section-spacing\" id=\"content-12\" style=\"background-color: rgb(243, 242, 242); background-image: none;\"><div  class=\"gridContainer\"> <div  class=\"row middle-sm\"><div  class=\"col-sm-6 space-bottom-xs\" data-type=\"column\"> <h4  class=\"\">ZUSAMMENFASSUNG<\/h4>  <p  class=\"lead\">Die Integration von Codebeamer und Windchill ist f\u00fcr die Verwaltung komplexer Produkte, die Software- und Hardwareentwicklung vereinen, unerl\u00e4sslich. Die Abstimmung dieser Prozesse ist entscheidend f\u00fcr den Erhalt eines Wettbewerbsvorteils. W\u00e4hrend Systeme f\u00fcr das Application Lifecycle Management (ALM) und das Product Lifecycle Management (PLM) von grundlegender Bedeutung sind, kann ihre Effektivit\u00e4t ohne nahtlose Integration eingeschr\u00e4nkt sein. Hier kommt AroTrace ins Spiel. AroTrace \u00fcberbr\u00fcckt die L\u00fccke zwischen Codebeamer ALM und Windchill PLM und sorgt f\u00fcr einen einheitlichen Ansatz, der die Zusammenarbeit verbessert, Fehler reduziert und den gesamten Produktlebenszyklus vom Entwurf bis zur Produktion rationalisiert.<\/p><\/div> <div  class=\"col-sm-6\" data-type=\"column\"> <img  decoding=\"async\" class=\"shadow-large\" src=\"https:\/\/arorian.com\/wp-content\/uploads\/2024\/09\/Codebeamer-and-Windchill-Integration-blog-image.jpg\" title=\"Codebeamer und Windchill Integration Blog Bild\" alt=\"Integration von Codebeamer und Windchill; AroTrace\"><\/div> <\/div><\/div> <\/div><div  data-label=\"Content\" data-id=\"content--6\" data-export-id=\"content-12\" data-category=\"content\" class=\"content-12 content-section content-section-spacing\" id=\"content-6\" style=\"background-color: rgb(255, 255, 255);\" data-section-ov=\"1\"><div  class=\"gridContainer\"> <div  class=\"row text-center\"><div  class=\"section-title-col\" data-type=\"column\">  <h3  class=\"\" style=\"text-align: justify;\">Die Leistungsf\u00e4higkeit der Integration von Codebeamer und Windchill<\/h3><p  class=\"lead\" style=\"text-align: justify;\">Codebeamer, eine robuste ALM-Plattform, und Windchill, eine f\u00fchrende PLM-L\u00f6sung, schlie\u00dfen gemeinsam die L\u00fccke zwischen Softwareentwicklung und Produktherstellung. Diese leistungsstarke Integration baut Barrieren zwischen Entwicklungs- und Konstruktionsteams ab, erm\u00f6glicht eine Zusammenarbeit in Echtzeit, verbessert die Produktqualit\u00e4t und verk\u00fcrzt die Markteinf\u00fchrungszeit.\n<br ><br >\nDurch die Angleichung von Hardware- und Softwareentwicklungsprozessen k\u00f6nnen Unternehmen die Produktkomplexit\u00e4t verwalten und eine durchg\u00e4ngige R\u00fcckverfolgbarkeit sicherstellen. Diese Integration schafft eine effizientere und transparentere Entwicklungsumgebung, in der Teams jeden Aspekt des Produktlebenszyklus verfolgen, verwalten und analysieren k\u00f6nnen.<\/p><\/div> <\/div> <div  class=\"row center-xs middle-xs\"> <div  class=\"col-sm-9\" data-type=\"column\"> <\/div> <\/div><\/div> <\/div><div  data-label=\"Content\" data-id=\"content--5\" data-export-id=\"content-12\" data-category=\"content\" class=\"content-12 content-section content-section-spacing white-text\" id=\"content-5\" style=\"background-color: rgb(255, 255, 255); background-image: url(&quot;https:\/\/arorian.com\/wp-content\/uploads\/2024\/09\/ThingWorx-Implementation-banner.jpg&quot;); background-size: cover; background-position: center top;\" data-section-ov=\"1\"><div  class=\"gridContainer\"> <div  class=\"row text-center\"><div  class=\"section-title-col\" data-type=\"column\">  <h3  class=\"\">Die Integration von Codebeamer ALM mit Windchill PLM \u00fcberbr\u00fcckt die L\u00fccke zwischen Softwareentwicklung und Produktherstellung und sorgt f\u00fcr eine optimierte Zusammenarbeit und weniger Fehler.<\/h3><\/div> <\/div> <div  class=\"row center-xs middle-xs\"> <div  class=\"col-sm-9\" data-type=\"column\"> <\/div> <\/div><\/div> <\/div><div  data-label=\"Content\" data-id=\"content--4\" data-export-id=\"content-12\" data-category=\"content\" class=\"content-12 content-section content-section-spacing\" id=\"content-4\" style=\"background-color: rgb(255, 255, 255); background-image: none;\"><div  class=\"gridContainer\"> <div  class=\"row text-center\"><div  class=\"section-title-col\" data-type=\"column\">  <h3  class=\"\" style=\"text-align: left;\">Hauptvorteile der Integration von Codebeamer und Windchill<\/h3><p  class=\"lead\" style=\"text-align: justify;\"><span  style=\"color: rgb(13, 77, 145);\"><b >1. End-to-End-R\u00fcckverfolgbarkeit<\/b><\/span><\/p><p  class=\"lead\" style=\"text-align: justify;\">Erm\u00f6glicht eine vollst\u00e4ndige R\u00fcckverfolgbarkeit von der Softwareentwicklung in Codebeamer bis hin zu Produktdesign, Konstruktion und Fertigung in Windchill.<\/p><p  class=\"lead\" style=\"text-align: justify;\"><span  style=\"color: rgb(13, 77, 145);\"><b >2. Verbesserte Zusammenarbeit<\/b><\/span><\/p><p  class=\"lead\" style=\"text-align: justify;\">Erleichtert die Echtzeit-Zusammenarbeit zwischen ALM- und PLM-Teams und erm\u00f6glicht reibungslosere Arbeitsabl\u00e4ufe in beiden Systemen.<\/p><p  class=\"lead\" style=\"text-align: justify;\"><span  style=\"color: rgb(13, 77, 145);\"><b >3. Echtzeit-Datensynchronisation<\/b><\/span><\/p><p  class=\"lead\" style=\"text-align: justify;\">Synchronisiert Produktdaten und Lebenszyklusstadien in Echtzeit und minimiert so Fehler, Duplikate und Inkonsistenzen.<\/p><p  class=\"lead\" style=\"text-align: justify;\"><span  style=\"color: rgb(13, 77, 145);\"><b >4. Verbesserte Einhaltung<\/b><\/span><\/p><p  class=\"lead\" style=\"text-align: justify;\">Vereinfacht die Einhaltung von Vorschriften und die Qualit\u00e4tssicherung, indem jede \u00c4nderung dokumentiert und die R\u00fcckverfolgbarkeit \u00fcber den gesamten Lebenszyklus hinweg sichergestellt wird.<\/p><p  class=\"lead\" style=\"text-align: justify;\"><span  style=\"color: rgb(13, 77, 145);\"><b >5. Verk\u00fcrzte Markteinf\u00fchrungszeit<\/b><\/span><\/p><p  class=\"lead\" style=\"text-align: justify;\">Beschleunigt die Produktentwicklung und verk\u00fcrzt die Vorlaufzeiten durch effiziente funktions\u00fcbergreifende Zusammenarbeit zwischen Software- und Hardware-Teams.<\/p><h3  class=\"\" style=\"text-align: justify;\">AroTrace: Arorian's L\u00f6sung zur Verbesserung der Integration von Codebeamer und Windchill<\/h3><p  class=\"lead\" style=\"text-align: justify;\">AroTrace wurde von Arorian entwickelt, um die Integration von Codebeamer und Windchill durch ein fortschrittliches digitales Thread-Management zu verbessern. Dieses leistungsstarke Tool bietet Echtzeit-Transparenz \u00fcber ALM- und PLM-Prozesse hinweg und gew\u00e4hrleistet Nachvollziehbarkeit, optimierte Zusammenarbeit und effizientere Arbeitsabl\u00e4ufe zwischen Software- und Hardware-Teams.\n<br ><br >\nAroTrace liefert KI-gesteuerte Einblicke und anpassbare Dashboards, die es Teams erm\u00f6glichen, datengest\u00fctzte Entscheidungen zu treffen und Risiken proaktiv zu verwalten. Es hilft Unternehmen, die Entwicklungszeit zu verk\u00fcrzen, Engp\u00e4sse zu vermeiden und die Markteinf\u00fchrung zu beschleunigen, indem es den gesamten Produktlebenszyklus rationalisiert.\n<br ><br >\nF\u00fcr Branchen, die in stark regulierten Umgebungen t\u00e4tig sind, stellt AroTrace die vollst\u00e4ndige Einhaltung der Vorschriften sicher, indem es jede \u00c4nderung w\u00e4hrend des gesamten Lebenszyklus verfolgt und dokumentiert. Mit AroTrace k\u00f6nnen Unternehmen die Komplexit\u00e4t sicher beherrschen, die Transparenz aufrechterhalten und Innovationen vorantreiben.<\/p><\/div> <\/div> <div  class=\"row center-xs middle-xs\"> <div  class=\"col-sm-9\" data-type=\"column\"> <\/div> <\/div><\/div> <\/div><div  data-label=\"Content\" data-id=\"content--13\" data-export-id=\"content-12\" data-category=\"content\" class=\"content-12 content-section content-section-spacing white-text\" id=\"content-13\" style=\"background-color: rgb(255, 255, 255); background-image: url(&quot;https:\/\/arorian.com\/wp-content\/uploads\/2024\/09\/ThingWorx-Implementation-banner.jpg&quot;); background-size: cover; background-position: center top;\" data-section-ov=\"1\"><div  class=\"gridContainer\"> <div  class=\"row text-center\"><div  class=\"section-title-col\" data-type=\"column\">  <h3  class=\"\">AroTrace bietet Echtzeit-Transparenz \u00fcber ALM- und PLM-Prozesse hinweg und erm\u00f6glicht es den Teams, datengest\u00fctzte Entscheidungen zu treffen und Risiken proaktiv zu verwalten.<\/h3><\/div> <\/div> <div  class=\"row center-xs middle-xs\"> <div  class=\"col-sm-9\" data-type=\"column\"> <\/div> <\/div><\/div> <\/div><div  data-label=\"Content\" data-id=\"content--14\" data-export-id=\"content-12\" data-category=\"content\" class=\"content-12 content-section content-section-spacing\" id=\"content-14\" style=\"background-color: rgb(255, 255, 255); background-image: none;\"><div  class=\"gridContainer\"> <div  class=\"row text-center\"><div  class=\"section-title-col\" data-type=\"column\">  <h3  class=\"\" style=\"text-align: justify;\">Integration auf der Ebene von IoT und Industrie 4.0<\/h3><p  class=\"lead\" style=\"text-align: justify;\">In dem Ma\u00dfe, in dem Unternehmen IoT-Technologien und Industrie 4.0-Prinzipien einf\u00fchren, wird die Integration von Codebeamer und Windchill noch wichtiger. Diese Integration unterst\u00fctzt die nahtlose Verwaltung sowohl des physischen Produktlebenszyklus als auch des Softwareentwicklungslebenszyklus, was f\u00fcr Branchen, die sich auf intelligente, vernetzte Ger\u00e4te konzentrieren, unerl\u00e4sslich ist.\n<br ><br >\nDa intelligente Fabriken und vernetzte Produkte zur Norm werden, ist die Abstimmung von Hardware- und Softwareentwicklungsprozessen der Schl\u00fcssel zur Gew\u00e4hrleistung der Produktqualit\u00e4t und der Einhaltung von Vorschriften. AroTrace verbessert diese Integration, indem es die R\u00fcckverfolgbarkeit von digitalen und physischen Komponenten in Echtzeit sicherstellt \u2013 vom Entwurf bis zur Bereitstellung. Dies erm\u00f6glicht eine bessere Sichtbarkeit, ein effizienteres \u00c4nderungsmanagement und eine gr\u00f6\u00dfere Flexibilit\u00e4t, um Innovationen zu entwickeln und Marktanforderungen schneller zu erf\u00fcllen.\n<br ><br >\nOb es darum geht, den Lebenszyklus von IoT-Ger\u00e4ten zu verfolgen, komplexe Entwicklungsprozesse zu verwalten oder sicherzustellen, dass intelligente Produkte in ihr Software-\u00d6kosystem integriert sind - die Kombination von Codebeamer, Windchill und AroTrace bietet Unternehmen, die sich der Industrie 4.0 verschrieben haben, unvergleichliche Effizienz und Pr\u00e4zision.<\/p><\/div> <\/div> <div  class=\"row center-xs middle-xs\"> <div  class=\"col-sm-9\" data-type=\"column\"> <\/div> <\/div><\/div> <\/div><div  data-label=\"Content\" data-id=\"content--15\" data-export-id=\"content-12\" data-category=\"content\" class=\"content-12 content-section content-section-spacing white-text\" id=\"content-15\" style=\"background-color: rgb(255, 255, 255); background-image: url(&quot;https:\/\/arorian.com\/wp-content\/uploads\/2024\/09\/ThingWorx-Implementation-banner.jpg&quot;); background-size: cover; background-position: center top;\" data-section-ov=\"1\"><div  class=\"gridContainer\"> <div  class=\"row text-center\"><div  class=\"section-title-col\" data-type=\"column\">  <h3  class=\"\">Die Kombination von Codebeamer, Windchill und AroTrace bietet eine beispiellose Effizienz und Pr\u00e4zision f\u00fcr Unternehmen, die sich der Industrie 4.0 verschrieben haben.<\/h3><\/div> <\/div> <div  class=\"row center-xs middle-xs\"> <div  class=\"col-sm-9\" data-type=\"column\"> <\/div> <\/div><\/div> <\/div><div  data-label=\"Content\" data-id=\"content--16\" data-export-id=\"content-12\" data-category=\"content\" class=\"content-12 content-section content-section-spacing\" id=\"content-16\" style=\"background-color: rgb(255, 255, 255);\"><div  class=\"gridContainer\"> <div  class=\"row text-center\"><div  class=\"section-title-col\" data-type=\"column\">  <h3  class=\"\" style=\"text-align: justify;\">Wie Arorian die Integration von Codebeamer und Windchill unterst\u00fctzt<\/h3><p  class=\"lead\" style=\"text-align: justify;\">Als zuverl\u00e4ssiger Partner f\u00fcr ALM- und PLM-L\u00f6sungen ist Arorian auf die Integration von Codebeamer und Windchill f\u00fcr Unternehmen spezialisiert, die ihre Produktlebenszyklusprozesse optimieren m\u00f6chten. Mit unserer umfassenden Erfahrung in der Systemintegration sorgen wir f\u00fcr einen nahtlosen Datenfluss und die Zusammenarbeit zwischen ALM- und PLM-\u00d6kosystemen.\n<br ><br >\nUnsere Integrationsdienste, die von AroTrace unterst\u00fctzt werden, garantieren eine zuverl\u00e4ssige R\u00fcckverfolgbarkeit \u00fcber den gesamten Produktlebenszyklus. Durch die Verringerung der Komplexit\u00e4t, die Verbesserung der betrieblichen Effizienz und die Verbesserung der Zusammenarbeit zwischen Entwicklungs- und Konstruktionsteams hilft AroTrace Ihrem Unternehmen, die Datenintegrit\u00e4t und die Einhaltung von Vorschriften auf einfache Weise zu gew\u00e4hrleisten. Mit Arorian k\u00f6nnen Sie Ihre Produktentwicklungsprozesse optimieren und auf dem heutigen wettbewerbsorientierten Markt die Nase vorn haben.\n<br ><br >\nSind Sie bereit, Ihre ALM- und PLM-Prozesse zu rationalisieren? Kontaktieren Sie Arorian noch heute f\u00fcr ein pers\u00f6nliches Beratungsgespr\u00e4ch und entdecken Sie, wie AroTrace Ihre Produktentwicklung ver\u00e4ndern kann.<\/p><a  class=\"button big color1 round outline\" href=\"https:\/\/arorian.com\/de\/kostenlose-demo-erhalten\/\" target=\"_self\" data-cp-link=\"1\" data-icon=\"\" rel=\"noopener\">Buch Demo<\/a><\/div> <\/div> <div  class=\"row center-xs middle-xs\"> <div  class=\"col-sm-9\" data-type=\"column\"> <\/div> <\/div><\/div> <\/div><div  data-label=\"Content\" data-id=\"content--17\" data-export-id=\"content-7\" data-category=\"content\" class=\"content-7 content-section content-section-spacing white-text\" id=\"content-17\" style=\"background-color: rgb(255, 255, 255); background-image: url(&quot;https:\/\/arorian.com\/wp-content\/uploads\/2024\/03\/banner-modern-future-jpg.webp&quot;); background-size: cover; background-position: center top;\" data-section-ov=\"1\"><div  class=\"gridContainer\"> <div  class=\"row middle-sm\"><div  class=\"col-sm-6 space-bottom-xs\" data-type=\"column\">   <h1  class=\"\">Kontakt<\/h1><h3  class=\"\">Erfahren Sie mehr \u00fcber unsere Integrationsdienste<\/h3><a  class=\"button big color-white round outline\" href=\"https:\/\/arorian.com\/de\/home\/kontakt-us\/\" target=\"_self\" data-cp-link=\"1\" data-icon=\"fa-arrow-right\"><span class=\"button-icon fa fa-arrow-right\" ><\/span>Lassen Sie uns reden<\/a><\/div> <div  class=\"col-sm-6\" data-type=\"column\"> <\/div> <\/div><\/div> <\/div><div  data-label=\"Portfolio\" data-id=\"portfolio--1\" data-export-id=\"portfolio-5\" data-category=\"portfolio\" class=\"portfolio-5 content-section content-section-spacing\" id=\"portfolio-1\" style=\"background-color: rgb(255, 255, 255);\"><div  class=\"gridContainer\"> <div  class=\"row text-center\"><div  class=\"section-title-col\" data-type=\"column\"> <h2  class=\"\" style=\"border-bottom-color: rgb(13, 77, 145);\">Blogs<\/h2> <\/div> <\/div> <div  class=\"row space-bottom spaced-cols\" data-type=\"row\"> <div  class=\"col-xs-12 col-sm-4 text-center\"> <div  class=\"card no-padding bordered\"> <div  data-hover-fx=\"portfolio-6\" class=\"contentswap-effect\"> <div  class=\"initial-image\"> <img  decoding=\"async\" data-size=\"500x333\" src=\"https:\/\/arorian.com\/wp-content\/uploads\/2024\/09\/Migration-to-Codebeamer-with-AroMigrator-image.jpg\"><\/div> <div  class=\"overlay bg-color6\"><\/div> <div  class=\"swap-inner col-xs-12\"> <div  class=\"row full-height-row middle-xs middle-sm\"> <div  class=\"col-xs-12 text-center content-holder\"> <a  class=\"button small color1\" href=\"https:\/\/arorian.com\/de\/migration-zu-codebeamer-aromigrator\/\" target=\"_self\" data-cp-link=\"1\" data-icon=\"\" rel=\"noopener\">Mehr lesen<\/a><\/div> <\/div><\/div> <\/div> <div  class=\"col-xs-12\"> <div  class=\"space-bottom space-top\" data-type=\"column\"> <h5  class=\"\">Nahtlose Migration zu Codebeamer mit AroMigrator freischalten<\/h5> <\/div> <\/div><\/div> <\/div><div  class=\"col-xs-12 col-sm-4 text-center\"> <div  class=\"card no-padding bordered\"> <div  data-hover-fx=\"portfolio-6\" class=\"contentswap-effect\"> <div  class=\"initial-image\"> <img  decoding=\"async\" data-size=\"500x333\" src=\"https:\/\/arorian.com\/wp-content\/uploads\/2024\/09\/ALM-and-PLM-Integration-image.jpg\"><\/div> <div  class=\"overlay bg-color6\"><\/div> <div  class=\"swap-inner col-xs-12\"> <div  class=\"row full-height-row middle-xs middle-sm\"> <div  class=\"col-xs-12 text-center content-holder\"> <a  class=\"button small color1\" href=\"https:\/\/arorian.com\/de\/alm-und-plm-integration\/\" target=\"_self\" data-cp-link=\"1\" data-icon=\"\" rel=\"noopener\">Mehr lesen<\/a><\/div> <\/div><\/div> <\/div> <div  class=\"col-xs-12\"> <div  class=\"space-bottom space-top\" data-type=\"column\"> <h5  class=\"\">ALM- und PLM-Integration:<br >\nEin Weg zur nahtlosen Produktentwicklung<\/h5> <\/div> <\/div><\/div> <\/div><div  class=\"col-xs-12 col-sm-4 text-center\"> <div  class=\"card no-padding bordered\"> <div  data-hover-fx=\"portfolio-6\" class=\"contentswap-effect\"> <div  class=\"initial-image\"> <img  decoding=\"async\" data-size=\"500x333\" src=\"https:\/\/arorian.com\/wp-content\/uploads\/2024\/09\/Integrated-Lifecycle-Management-ILM-image.jpg\"><\/div> <div  class=\"overlay bg-color6\"><\/div> <div  class=\"swap-inner col-xs-12\"> <div  class=\"row full-height-row middle-xs middle-sm\"> <div  class=\"col-xs-12 text-center content-holder\"> <a  class=\"button small color1\" href=\"https:\/\/arorian.com\/de\/integrated-lifecycle-management-vorteile\/\" target=\"_self\" data-cp-link=\"1\" data-icon=\"\" rel=\"noopener\">Mehr lesen<\/a><\/div> <\/div><\/div> <\/div> <div  class=\"col-xs-12\"> <div  class=\"space-bottom space-top\" data-type=\"column\"> <h5  class=\"\">Integrated Lifecycle Management<\/h5> <\/div> <\/div><\/div> <\/div>  <\/div> <div  class=\"row\"><div  data-type=\"column\" class=\"col-xs-12 text-center\"> <a  class=\"button y-move big color1 round outline\" href=\"https:\/\/arorian.com\/de\/blog-bereich\/\" target=\"_self\" data-cp-link=\"1\" data-icon=\"\" rel=\"noopener\">Alle anzeigen<\/a><\/div> <\/div><\/div> <\/div><div  data-label=\"Content\" data-id=\"content--11\" data-export-id=\"content-12\" data-category=\"content\" class=\"content-12 content-section content-section-spacing\" id=\"content-11\" style=\"background-color: rgb(243, 242, 242); background-image: none;\"><div  class=\"gridContainer\"> <div  class=\"row text-center\"><div  class=\"section-title-col\" data-type=\"column\">  <h4  class=\"\" style=\"text-align: left;\">\u00dcBER ARORIAN<\/h4><p  class=\"lead\" style=\"text-align: justify;\">Arorian ist ein weltweit f\u00fchrender Anbieter von digitalen L\u00f6sungen und Dienstleistungen, die die Transformation und das Wachstum von Unternehmen in verschiedenen Branchen vorantreiben. Mit dem Fokus auf Innovation und Exzellenz bietet Arorian seinen Kunden einen unvergleichlichen Mehrwert, indem das Unternehmen die Kraft der Technologie zur L\u00f6sung komplexer Herausforderungen nutzt.<\/p><\/div> <\/div> <div  class=\"row center-xs middle-xs\"> <div  class=\"col-sm-9\" data-type=\"column\"> <\/div> <\/div><\/div> <\/div><div  data-label=\"Cta\" data-id=\"cta--1\" data-export-id=\"cta-centered-section-grid\" data-category=\"cta\" class=\"cta-centered-section-grid content-section content-section-spacing-medium bg-color1 white-text\" id=\"cta-1\"><div  class=\"gridContainer\"> <div  class=\"row text-center\"><div  class=\"col-xs-12 col-sm-10 col-sm-offset-1 col-md-8 col-md-offset-2\" data-type=\"column\"> <h2  class=\"\" style=\"border-bottom-color: rgb(3, 117, 201);\">Beginnen Sie noch heute mit den Dienstleistungen von Arorian<\/h2> <p  class=\"\"><\/p> <a  class=\"button big color-white round outline\" href=\"https:\/\/arorian.com\/de\/home\/kontakt-us\/\" target=\"_self\" data-cp-link=\"1\" data-icon=\"fa-arrow-circle-right\" rel=\"noopener\"><span  class=\"button-icon fa fa-arrow-circle-right\"><\/span>TERMIN VEREINBAREN<\/a><\/div> <\/div><\/div> <\/div>","protected":false},"excerpt":{"rendered":"<p>BLOGCodebeamer and Windchill Integration: Streamlining ALM and PLM for Seamless Collaboration SUMMARY Codebeamer and Windchill Integration is essential for managing complex products that blend software and hardware development. Aligning these processes is critical for maintaining a competitive edge. While Application Lifecycle Management (ALM) and Product Lifecycle Management (PLM) systems are fundamental, their effectiveness can be&hellip; <br \/> <a class=\"read-more\" href=\"https:\/\/arorian.com\/de\/codebeamer-und-windchill-integration\/\">Mehr lesen<\/a><\/p>","protected":false},"author":10,"featured_media":10863,"parent":0,"menu_order":0,"comment_status":"closed","ping_status":"closed","template":"pro\/page-templates\/full-width-page.php","meta":{"content-type":"","footnotes":""},"class_list":["post-10862","page","type-page","status-publish","has-post-thumbnail","hentry"],"aioseo_notices":[],"_links":{"self":[{"href":"https:\/\/arorian.com\/de\/wp-json\/wp\/v2\/pages\/10862","targetHints":{"allow":["GET"]}}],"collection":[{"href":"https:\/\/arorian.com\/de\/wp-json\/wp\/v2\/pages"}],"about":[{"href":"https:\/\/arorian.com\/de\/wp-json\/wp\/v2\/types\/page"}],"author":[{"embeddable":true,"href":"https:\/\/arorian.com\/de\/wp-json\/wp\/v2\/users\/10"}],"replies":[{"embeddable":true,"href":"https:\/\/arorian.com\/de\/wp-json\/wp\/v2\/comments?post=10862"}],"version-history":[{"count":18,"href":"https:\/\/arorian.com\/de\/wp-json\/wp\/v2\/pages\/10862\/revisions"}],"predecessor-version":[{"id":13526,"href":"https:\/\/arorian.com\/de\/wp-json\/wp\/v2\/pages\/10862\/revisions\/13526"}],"wp:featuredmedia":[{"embeddable":true,"href":"https:\/\/arorian.com\/de\/wp-json\/wp\/v2\/media\/10863"}],"wp:attachment":[{"href":"https:\/\/arorian.com\/de\/wp-json\/wp\/v2\/media?parent=10862"}],"curies":[{"name":"wp","href":"https:\/\/api.w.org\/{rel}","templated":true}]}}