{"id":15728,"date":"2025-10-14T10:44:08","date_gmt":"2025-10-14T08:44:08","guid":{"rendered":"https:\/\/arorian.com\/?page_id=15728"},"modified":"2026-03-10T14:40:49","modified_gmt":"2026-03-10T13:40:49","slug":"migration-to-polarion","status":"publish","type":"page","link":"https:\/\/arorian.com\/de\/migration-zu-polarion\/","title":{"rendered":"Dienstleistung: Migration zu Polarion aus Altsystemen | AroMigrator"},"content":{"rendered":"<div  data-label=\"Content\" data-id=\"content--10\" data-export-id=\"content-7\" data-category=\"content\" class=\"content-7 content-section content-section-spacing white-text\" id=\"content-8\" style=\"background-color: rgb(245, 250, 253); background-image: url(&quot;https:\/\/arorian.com\/wp-content\/uploads\/2025\/10\/Migration-to-Polarion-from-Legacy-Systems-with-AroMigrator-banner.jpg&quot;); background-size: cover; background-position: center top;\" data-section-ov=\"1\"><div  class=\"gridContainer\"> <div  class=\"row middle-sm\"><div  class=\"col-sm-6 space-bottom-xs\" data-type=\"column\">   <h4  class=\"\">ALM-MIGRATION<\/h4><h1  class=\"\">Migration zu Polarion von Altsystemen mit AroMigrator<\/h1><h5  class=\"\">Beschleunigen Sie Ihre Migration zu Polarion aus veralteten ALM-Systemen \u2013 pr\u00e4zise, nahtlos und zuverl\u00e4ssig.<\/h5><a  class=\"button big color-white round outline\" href=\"https:\/\/arorian.com\/de\/aromigrator-alm-datenmigration\/\" target=\"_self\" data-cp-link=\"1\" data-icon=\"fa-arrow-right\" rel=\"noopener\">JETZT DEMO ANFORDERN<\/a><\/div> <div  class=\"col-sm-6\" data-type=\"column\"> <\/div> <\/div><\/div> <\/div><div  data-label=\"Content\" data-id=\"content--22\" data-export-id=\"content-12\" data-category=\"content\" class=\"content-12 content-section content-section-spacing\" id=\"content-20\" style=\"background-color: rgb(243, 242, 242); background-image: none;\"><div  class=\"gridContainer\"> <div  class=\"row text-center\"><div  class=\"section-title-col\" data-type=\"column\"> <h2  class=\"\" style=\"border-bottom-color: rgb(13, 77, 145);\">Zweckgerichtete Migration zu Polarion aus Altsystemen<\/h2> <p  class=\"lead\">Arorian bietet eine fachkundige Migration zu Polarion f\u00fcr Unternehmen, die ihr ALM-Umfeld modernisieren und sich von veralteten oder fragmentierten Systemen l\u00f6sen m\u00f6chten. Unser strukturierter ALM-Transition-Ansatz stellt sicher, dass alle wichtigen Artefakte \u2013 von Anforderungen und Testobjekten bis hin zu \u00c4nderungsverl\u00e4ufen \u2013 korrekt migriert und direkt nutzbar organisiert werden. Mit AroMigrator wird jede Phase der Migration pr\u00e4zise, auditierbar und mit minimalen betrieblichen Auswirkungen durchgef\u00fchrt.<\/p><\/div> <\/div> <div  class=\"row center-xs middle-xs\"> <div  class=\"col-sm-9\" data-type=\"column\"> <\/div> <\/div><\/div> <\/div><div  data-label=\"Content\" data-id=\"content--14\" data-export-id=\"content-7\" data-category=\"content\" class=\"content-7 content-section content-section-spacing\" id=\"content-12\" style=\"background-color: rgb(255, 255, 255); background-image: none;\"><div  class=\"gridContainer\"> <div  class=\"row middle-sm\"><div  class=\"col-sm-6 space-bottom-xs\" data-type=\"column\"><h3  class=\"\"><span  style=\"color: rgb(13, 77, 145);\">AroMigrator: Die Br\u00fccke zwischen Legacy-Systemen und Polarion<\/span><\/h3>   <p  class=\"lead\">AroMigrator wurde speziell f\u00fcr die Komplexit\u00e4t moderner ALM-Migrationen entwickelt. Egal, ob Ihre Daten in IBM DOORS, Jira, Windchill RV&amp;S oder in intern entwickelten Systemen liegen \u2013 AroMigrator transformiert und harmonisiert sie pr\u00e4zise in das Polarion-Datenmodell. Individuelle Felder, Workflow-Logik und Beziehungstypen werden interpretiert, um alle Abh\u00e4ngigkeiten und Traceability-Links zu erhalten. So k\u00f6nnen Teams in Polarion nahtlos weiterarbeiten, ohne Kontext oder Historie zu verlieren.<\/p><\/div> <div  class=\"col-sm-6\" data-type=\"column\"> <img  decoding=\"async\" class=\"shadow-large\" src=\"https:\/\/arorian.com\/wp-content\/uploads\/2025\/10\/Migration-to-Polarion-from-Legacy-Systems-with-AroMigrator-image.jpg\" title=\"Migration zu Polarion aus Altsystemen mit AroMigrator Bild\" alt=\"Migration zu Polarion aus Altsystemen mit AroMigrator; ALM-Transition\"><\/div> <\/div><\/div> <\/div><div  data-label=\"Content\" data-id=\"content--17\" data-export-id=\"content-9\" data-category=\"content\" class=\"content-9 content-section content-section-spacing\" id=\"content-15\" style=\"background-color: rgb(255, 255, 255); background-size: cover; background-position: center top;\"><div  class=\"gridContainer\"> <div  class=\"row text-center\"><div  class=\"section-title-col\" data-type=\"column\"> <h2  class=\"\" style=\"border-bottom-color: rgb(13, 77, 145);\">Wesentliche Vorteile von AroMigrator bei der Migration zu Polarion<\/h2> <\/div> <\/div> <div  class=\"row space-bottom text-center\" data-type=\"row\"> <div  class=\"col-sm-4 col-padding-small col-md-3\"> <i  class=\"fa icon fa-scissors bordered round color1\"><\/i> <h4  class=\"\"><span  style=\"color: rgb(13, 77, 145);\">Umfassende Multi-Source-Unterst\u00fctzung<\/span><br >Migration von Daten aus unterschiedlichen ALM-Systemen unter einem einheitlichen, wiederholbaren Rahmen.<\/h4> <\/div> <div  class=\"col-sm-4 col-padding-small col-md-3\"><i  class=\"fa icon fa-check bordered round color1\"><\/i> <h4  class=\"\"><span  style=\"color: rgb(13, 77, 145);\">Volle Transparenz und Kontrolle<\/span><br >Detaillierte Protokolle, Versionierung und Verifikation in jeder Phase sichern Qualit\u00e4t und Compliance.<\/h4> <\/div> <div  class=\"col-sm-4 col-padding-small col-md-3\"><i  class=\"fa icon fa-search bordered round color1\"><\/i> <h4  class=\"\"><span  style=\"color: rgb(13, 77, 145);\">End-to-End-Traceability<\/span><br >Erh\u00e4lt Verbindungen zwischen Anforderungen, Testf\u00e4llen, Risiken und Baselines f\u00fcr vollst\u00e4ndige Nachvollziehbarkeit.<\/h4> <\/div> <div  class=\"col-sm-4 col-padding-small col-md-3\"> <i  class=\"fa icon fa-clock-o bordered round color1\"><\/i> <h4  class=\"\"><span  style=\"color: rgb(13, 77, 145);\">Reduzierte Ausfallzeiten bei Migration<\/span><br >Inkrementelle L\u00e4ufe und Validierungsschritte gew\u00e4hrleisten Kontinuit\u00e4t und reibungslose Einf\u00fchrung.<\/h4> <\/div><\/div> <div  class=\"row center-xs middle-xs\"> <div  class=\"col-sm-12\" data-type=\"column\">  <\/div><\/div> <\/div><\/div><div  data-label=\"Overlappable\" data-id=\"overlappable--1\" data-export-id=\"overlappable-2\" data-category=\"overlappable\" class=\"overlappable-2 content-section content-section-spacing\" data-overlap=\"true\" id=\"overlappable-1\" style=\"background-color: rgb(255, 255, 255);\"><div  class=\"gridContainer\"> <div  class=\"row middle-sm shadow-medium bg-color-white\"><div  class=\"col-xs-12 col-sm-4 top-sm col-padding col-padding-xs\" data-type=\"column\"> <h3  class=\"font-300\">Migrationsprozess<\/h3>  <p  class=\"lead\">AroMigrator begleitet Ihre Migration zu Polarion mit einem strukturierten, planbaren Prozess, der von Anfang bis Ende Kontrolle und Sicherheit bietet.<\/p><a  class=\"button y-move big color1 round outline\" href=\"https:\/\/arorian.com\/de\/home\/kontakt-us\/\" target=\"_self\" data-cp-link=\"1\" data-icon=\"fa-arrow-right\" rel=\"noopener\"><span  class=\"button-icon fa fa-arrow-right\"><\/span>TERMIN VEREINBAREN<\/a><\/div> <div  class=\"col-xs-12 col-sm-8\"><div  data-type=\"row\" class=\"row\"> <div  class=\"col-xs-12 col-sm-6 col-padding col-padding-small-xs col-md-6\"> <h5  class=\"\"><span  style=\"color: rgb(13, 77, 145);\">1. UMFELDANALYSE<\/span><\/h5> <p  class=\"lead\">Wir pr\u00fcfen Ihre bestehende ALM-Landschaft, Datenstrukturen und Abh\u00e4ngigkeiten, um den optimalen Migrationsumfang zu definieren.<\/p><\/div> <div  class=\"col-xs-12 col-sm-6 col-padding col-padding-small-xs col-md-6\"> <h5  class=\"\"><span  style=\"color: rgb(13, 77, 145);\">2. DATENMODELL-AUSRICHTUNG<\/span><\/h5> <p  class=\"lead\">Wir \u00fcbertragen Standard- und benutzerdefinierte Objekte in das Polarion-Schema, unter Erhalt von Hierarchie, Semantik und Beziehungen.<\/p><\/div> <div  class=\"col-xs-12 col-sm-6 col-padding col-padding-small-xs col-md-6\"> <h5  class=\"\"><span  style=\"color: rgb(13, 77, 145);\">3. AUTOMATISIERTE MIGRATIONSDURCHF\u00dcHRUNG<\/span><\/h5> <p  class=\"lead\">AroMigrator \u00fcbernimmt Extraktion, Transformation und Laden der Daten inklusive vollst\u00e4ndiger Versionierungs- und Historienverwaltung.<\/p><\/div> <div  class=\"col-xs-12 col-sm-6 col-padding col-padding-small-xs col-md-6\">  <h5  class=\"\"><span  style=\"color: rgb(13, 77, 145);\">4. TRACEABILITY- UND ATTACHMENT-MIGRATION<\/span><\/h5> <p  class=\"lead\">Alle Links, Anh\u00e4nge und Abh\u00e4ngigkeiten werden \u00fcbertragen, um den vollst\u00e4ndigen Projektkontext zu wahren.<\/p><\/div> <div  class=\"col-xs-12 col-sm-6 col-padding col-padding-small-xs col-md-6\"> <h5  class=\"\"><span  style=\"color: rgb(13, 77, 145);\">5. VALIDIERUNG UND QUALIT\u00c4TSKONTROLLE<\/span><\/h5> <p  class=\"lead\">Unser Team pr\u00fcft die migrierten Daten durch Stichproben und Traceability-Checks auf Genauigkeit.<\/p><\/div><div  class=\"col-xs-12 col-sm-6 col-padding col-padding-small-xs col-md-6\"> <h5  class=\"\"><span  style=\"color: rgb(13, 77, 145);\">6. PRODUKTIVSETZUNG &amp; POST-MIGRATIONSSUPPORT<\/span><\/h5> <p  class=\"lead\">Wir begleiten den Go-Live und bieten Nachbetreuung, um Ihr Polarion-Umfeld zu stabilisieren.<\/p><\/div><\/div><\/div> <\/div><\/div> <\/div><div  data-label=\"Features\" data-id=\"features--2\" data-export-id=\"features-6\" data-category=\"features\" class=\"features-6 content-section-spacing white-text\" id=\"features-2\" style=\"background-color: rgb(255, 255, 255); background-image: url(&quot;https:\/\/arorian.com\/wp-content\/uploads\/2024\/07\/Windchill-RVS-Services-banner.jpg&quot;); background-size: cover; background-position: center top;\" data-section-ov=\"1\"><div  class=\"gridContainer\"> <div  class=\"row text-center\"><div  class=\"section-title-col\" data-type=\"column\"> <h2  class=\"\" style=\"border-bottom-color: rgb(13, 77, 145);\">Warum Arorian w\u00e4hlen?<\/h2> <p  class=\"lead\">Die Migration von Legacy-Tools zu Polarion erfordert mehr als blo\u00dfe Daten\u00fcbertragung \u2013 sie ben\u00f6tigt Fachwissen, Pr\u00e4zision und bew\u00e4hrte Expertise. Arorian liefert alle drei.<\/p><\/div> <\/div> <div  data-type=\"row\" class=\"row space-bottom\"> <div  class=\"col-xs-12 col-sm-4 col-padding-small-xs col-md-6\"> <div  class=\"row\"> <div  class=\"col-xs-fit\"> <p  class=\"oval color2\"><span  style=\"color: rgb(255, 255, 255);\">1<\/span><span  id=\"_mce_caret\" data-mce-bogus=\"1\" data-mce-type=\"format-caret\"><span  style=\"color: rgb(255, 255, 255);\"><\/span><\/span><\/p><\/div> <div  class=\"col-xs left-text\" data-type=\"column\"><h4  class=\"color2\"><span  style=\"color: rgb(253, 253, 253);\">ALM-DOM\u00c4NENEXPERTISE<\/span><\/h4> <p  class=\"lead\">Unsere Ingenieure verstehen die Besonderheiten alter und moderner ALM-Plattformen und sichern eine fundierte Migrationsstrategie.<\/p><p  class=\"\"><\/p><\/div> <\/div><\/div> <div  class=\"col-xs-12 col-sm-4 col-padding-small-xs col-md-6\"><div  class=\"row\"> <div  class=\"col-xs-fit\"><p  class=\"oval color2\"><span  style=\"color: rgb(255, 255, 255);\">2<\/span><\/p><\/div> <div  class=\"col-xs left-text\" data-type=\"column\"><h4  class=\"color2\"><font  color=\"#ffffff\">SPEZIELL F\u00dcR ALM-MIGRATIONEN ENTWICKELTES TOOL<\/font><\/h4> <p  class=\"lead\">AroMigrator ist gezielt f\u00fcr diese Migrationen konzipiert und vermeidet die Einschr\u00e4nkungen generischer ETL-Tools.<\/p><p  class=\"\"><\/p><\/div> <\/div><\/div> <div  class=\"col-xs-12 col-sm-4 col-padding-small-xs col-md-6\"><div  class=\"row\"> <div  class=\"col-xs-fit\"><p  class=\"oval color2\"><span  style=\"color: rgb(255, 255, 255);\">3<\/span><\/p><\/div> <div  class=\"col-xs left-text\" data-type=\"column\"><h4  class=\"color2\"><span  style=\"color: rgb(255, 255, 255);\">KOOPERATIVES AUSF\u00dcHRUNGSMODELL<\/span><\/h4> <p  class=\"lead\">Wir arbeiten direkt mit Ihren Stakeholdern zusammen, um technische Migration und Gesch\u00e4ftsziele optimal zu verkn\u00fcpfen.<\/p><\/div> <\/div><\/div> <div  class=\"col-xs-12 col-sm-4 col-padding-small-xs col-md-6\"> <div  class=\"row\"> <div  class=\"col-xs-fit\"> <p  class=\"oval color2\"><span  style=\"color: rgb(255, 255, 255);\">4<\/span><\/p><\/div> <div  class=\"col-xs left-text\" data-type=\"column\"><h4  class=\"color2\"><span  style=\"color: rgb(255, 255, 255); font-size: 19.2px; font-weight: 300; letter-spacing: normal;\">GEPR\u00dcFTE QUALIT\u00c4T UND TRACEABILITY<\/span><\/h4> <p  class=\"lead\">Jede Migrationsphase wird validiert, um Integrit\u00e4t, Compliance und sofortige Einsatzbereitschaft in Polarion sicherzustellen.<\/p><\/div> <\/div><\/div><\/div> <div  class=\"row\"> <div  data-type=\"column\" class=\"col-xs-12 text-center\"> <a  class=\"button big color-white round outline\" href=\"https:\/\/arorian.com\/de\/kostenlose-testversion\/\" target=\"_self\" data-cp-link=\"1\" data-icon=\"fa-arrow-right\" rel=\"noopener\">JETZT KOSTENLOSE TESTVERSION STARTEN<\/a><\/div> <\/div><\/div> <\/div><div  data-label=\"Features\" data-id=\"features--3\" data-export-id=\"features-12\" data-category=\"features\" class=\"features-12 content-section content-section-spacing\" id=\"features-3\" style=\"background-color: rgb(255, 255, 255);\"><div  class=\"gridContainer\"> <div  class=\"row text-center\"><div  class=\"section-title-col\" data-type=\"column\"> <h2  class=\"\" style=\"border-bottom-color: rgb(13, 77, 145);\">Wichtige Erfolgsfaktoren<\/h2> <p  class=\"lead\">Unser Erfolgsrahmen legt den Fokus auf technische Pr\u00e4zision und nachvollziehbare Transformation in jeder Phase.<\/p><\/div> <\/div> <div  class=\"row spaced-cols\" data-type=\"row\"> <div  class=\"col-sm-6\"> <div  class=\"row space-bottom\"> <div  class=\"col-sm-fit icon-column\"> <i  class=\"fa icon fa-gear bordered round color2\"><\/i> <\/div> <div  class=\"col-sm\" data-type=\"column\"> <h5  class=\"color2\">KONFIGURATIONSBEWUSSTE MIGRATION<\/h5> <p  class=\"lead\">Workflows, Berechtigungen und Beziehungen werden intelligent zwischen Systemen abgebildet.<\/p><\/div> <\/div><\/div>  <div  class=\"col-sm-6\"> <div  class=\"row space-bottom\"> <div  class=\"col-sm-fit icon-column\"> <i  class=\"fa icon fa-sitemap bordered round color2\"><\/i> <\/div> <div  class=\"col-sm\" data-type=\"column\"> <h5  class=\"color2\">STRUKTURIERTE TRANSFORMATIONSLOGIK<\/h5> <p  class=\"lead\">Daten werden kontrolliert und auditierbar konvertiert und validiert.<\/p><\/div> <\/div><\/div><div  class=\"col-sm-6\"><div  class=\"row space-bottom\"> <div  class=\"col-sm-fit icon-column\"><i  class=\"fa icon fa-search bordered round color2\"><\/i><\/div> <div  class=\"col-sm\" data-type=\"column\"><h5  class=\"color2\">NACHVOLLZIEHBARER AUSF\u00dcHRUNGSWEG<\/h5> <p  class=\"lead\">Jeder Schritt wird dokumentiert, um Compliance- und Audit-Anforderungen zu erf\u00fcllen.<\/p><\/div> <\/div><\/div> <div  class=\"col-sm-6\"><div  class=\"row space-bottom\"> <div  class=\"col-sm-fit icon-column\"><i  class=\"fa icon fa-lightbulb-o bordered round color2\"><\/i><\/div> <div  class=\"col-sm\" data-type=\"column\"><h5  class=\"color2\">FACHKUNDIGE BEGLEITUNG<\/h5> <p  class=\"lead\">Arorians Migrationsexperten \u00fcberwachen den gesamten Prozess und sichern Gesch\u00e4ftskontinuit\u00e4t sowie Datenvertrauen.<\/p><\/div> <\/div><\/div> <\/div><\/div> <\/div><div  data-label=\"Content\" data-id=\"content--21\" data-export-id=\"content-12\" data-category=\"content\" class=\"content-12 content-section content-section-spacing\" id=\"content-19\" style=\"background-color: rgb(255, 255, 255);\"><div  class=\"gridContainer\"> <div  class=\"row text-center\"><div  class=\"section-title-col\" data-type=\"column\"> <h2  class=\"\" style=\"border-bottom-color: rgb(13, 77, 145);\">AroMigrator: Ihr Tor zu Polarion<\/h2> <p  class=\"lead\" style=\"text-align: justify;\">Mit AroMigrator und Arorians dedizierten Migrationsservices kann Ihr Unternehmen sein ALM-Umfeld modernisieren und die Vorteile der einheitlichen Polarion-Plattform voll aussch\u00f6pfen. Der Prozess ist strukturiert, nachvollziehbar und sicher \u2013 Ihre Daten werden mit Kontext, Klarheit und Kontinuit\u00e4t \u00fcbertragen.\n<br ><br >\nModernisieren Sie Ihr ALM ohne Kompromisse.<\/p><a  class=\"button big color1 round outline\" href=\"https:\/\/arorian.com\/de\/aromigrator-mastering-alm-datenmigration\/\" target=\"_self\" data-cp-link=\"1\" data-icon=\"\" rel=\"noopener\">AroMigrator entdecken<\/a><\/div> <\/div> <div  class=\"row center-xs middle-xs\"> <div  class=\"col-sm-9\" data-type=\"column\"> <\/div> <\/div><\/div> <\/div><div  data-label=\"Content\" data-id=\"content--20\" data-export-id=\"content-7\" data-category=\"content\" class=\"content-7 content-section content-section-spacing white-text\" id=\"content-18\" style=\"background-color: rgb(245, 250, 253); background-image: url(&quot;https:\/\/arorian.com\/wp-content\/uploads\/2024\/03\/banner-modern-future-jpg.webp&quot;); background-size: cover; background-position: center top;\" data-section-ov=\"1\"><div  class=\"gridContainer\"> <div  class=\"row middle-sm\"><div  class=\"col-sm-6 space-bottom-xs\" data-type=\"column\"> <h1  class=\"\">Kontakt<\/h1><h3  class=\"\">Erfahren Sie mehr \u00fcber unsere Migrationsdienste<\/h3>  <a  class=\"button big color-white round outline\" href=\"https:\/\/arorian.com\/de\/home\/kontakt-us\/\" target=\"_self\" data-cp-link=\"1\" data-icon=\"fa-arrow-right\" rel=\"noopener\"><span  class=\"button-icon fa fa-arrow-right\"><\/span>Lassen Sie uns reden<\/a><\/div> <div  class=\"col-sm-6\" data-type=\"column\"> <\/div> <\/div><\/div> <\/div><div  data-label=\"Portfolio\" data-id=\"portfolio--1\" data-export-id=\"portfolio-5\" data-category=\"portfolio\" class=\"portfolio-5 content-section content-section-spacing\" id=\"portfolio-1\" style=\"background-color: rgb(255, 255, 255);\"><div  class=\"gridContainer\"> <div  class=\"row text-center\"><div  class=\"section-title-col\" data-type=\"column\"> <h2  class=\"\" style=\"border-bottom-color: rgb(13, 77, 145);\">Verwandte Ressourcen<\/h2> <\/div> <\/div> <div  class=\"row space-bottom spaced-cols\" data-type=\"row\"> <div  class=\"col-xs-12 col-sm-4 text-center\"> <div  class=\"card no-padding bordered\"> <div  data-hover-fx=\"portfolio-6\" class=\"contentswap-effect\"> <div  class=\"initial-image\"> <img  decoding=\"async\" data-size=\"500x333\" src=\"https:\/\/arorian.com\/wp-content\/uploads\/2024\/06\/ALM-Data-Migration-AroMigrator-demo-image.jpg\"><\/div> <div  class=\"overlay bg-color6\"><\/div> <div  class=\"swap-inner col-xs-12\"> <div  class=\"row full-height-row middle-xs middle-sm\"> <div  class=\"col-xs-12 text-center content-holder\"> <a  class=\"button small color2\" href=\"https:\/\/arorian.com\/de\/alm-datenmigration-aromigrator-demo\/\" target=\"_blank\" data-cp-link=\"1\" data-icon=\"\" rel=\"noopener\">Mehr lesen<\/a><\/div> <\/div><\/div> <\/div> <div  class=\"col-xs-12\"> <div  class=\"space-bottom space-top\" data-type=\"column\"> <h4  class=\"\">Blog<\/h4><h5  class=\"\">Beherrschung der ALM-Datenmigration mit AroMigrator<\/h5> <\/div> <\/div><\/div> <\/div>  <div  class=\"col-xs-12 col-sm-4 text-center\"> <div  class=\"card no-padding bordered\"> <div  data-hover-fx=\"portfolio-6\" class=\"contentswap-effect\"> <div  class=\"initial-image\"> <img  decoding=\"async\" data-size=\"500x333\" src=\"https:\/\/arorian.com\/wp-content\/uploads\/2024\/02\/cropped-AroMigrator-eBook-Cover.png\"><\/div> <div  class=\"overlay bg-color6\"><\/div> <div  class=\"swap-inner col-xs-12\"> <div  class=\"row full-height-row middle-xs middle-sm\"> <div  class=\"col-xs-12 text-center content-holder\"> <a  class=\"button small color2\" href=\"https:\/\/arorian.com\/de\/migration-zu-codebeamer-mit-aromigrator-2\/\" target=\"_blank\" data-cp-link=\"1\" data-icon=\"\" rel=\"noopener\">Mehr lesen<\/a><\/div> <\/div><\/div> <\/div> <div  class=\"col-xs-12\"> <div  class=\"space-bottom space-top\" data-type=\"column\"> <h4  class=\"\">eBook<\/h4><h5  class=\"\">AroMigrator: Wegweiser in der ALM-Datenmigration<\/h5> <\/div> <\/div><\/div> <\/div><\/div> <div  class=\"row\"><div  data-type=\"column\" class=\"col-xs-12 text-center\"> <\/div> <\/div><\/div> <\/div>","protected":false},"excerpt":{"rendered":"<p>ALM MIGRATIONMigration to Polarion from Legacy Systems with AroMigratorAccelerate your migration to Polarion from legacy ALM systems with accuracy, continuity and confidence.BOOK FREE DEMO Purpose-Built Migration to Polarion from Legacy ALM Environments Arorian provides an expert-led migration to Polarion service for organizations ready to modernize their ALM environment and move away from outdated or fragmented&hellip; <br \/> <a class=\"read-more\" href=\"https:\/\/arorian.com\/de\/migration-zu-polarion\/\">Mehr lesen<\/a><\/p>","protected":false},"author":10,"featured_media":15730,"parent":0,"menu_order":0,"comment_status":"closed","ping_status":"closed","template":"pro\/page-templates\/full-width-page.php","meta":{"content-type":"","footnotes":""},"class_list":["post-15728","page","type-page","status-publish","has-post-thumbnail","hentry"],"aioseo_notices":[],"_links":{"self":[{"href":"https:\/\/arorian.com\/de\/wp-json\/wp\/v2\/pages\/15728","targetHints":{"allow":["GET"]}}],"collection":[{"href":"https:\/\/arorian.com\/de\/wp-json\/wp\/v2\/pages"}],"about":[{"href":"https:\/\/arorian.com\/de\/wp-json\/wp\/v2\/types\/page"}],"author":[{"embeddable":true,"href":"https:\/\/arorian.com\/de\/wp-json\/wp\/v2\/users\/10"}],"replies":[{"embeddable":true,"href":"https:\/\/arorian.com\/de\/wp-json\/wp\/v2\/comments?post=15728"}],"version-history":[{"count":18,"href":"https:\/\/arorian.com\/de\/wp-json\/wp\/v2\/pages\/15728\/revisions"}],"predecessor-version":[{"id":17740,"href":"https:\/\/arorian.com\/de\/wp-json\/wp\/v2\/pages\/15728\/revisions\/17740"}],"wp:featuredmedia":[{"embeddable":true,"href":"https:\/\/arorian.com\/de\/wp-json\/wp\/v2\/media\/15730"}],"wp:attachment":[{"href":"https:\/\/arorian.com\/de\/wp-json\/wp\/v2\/media?parent=15728"}],"curies":[{"name":"wp","href":"https:\/\/api.w.org\/{rel}","templated":true}]}}