{"id":2672,"date":"2023-10-06T09:46:18","date_gmt":"2023-10-06T07:46:18","guid":{"rendered":"https:\/\/arorian.com\/?page_id=2672"},"modified":"2024-07-02T12:21:37","modified_gmt":"2024-07-02T10:21:37","slug":"case-study-automotive-parts-manufacturer","status":"publish","type":"page","link":"https:\/\/arorian.com\/de\/case-study-automotive-parts-manufacturer\/","title":{"rendered":"Success Story: Automotive parts manufacturer"},"content":{"rendered":"<div  data-label=\"Content\" data-id=\"content--9\" data-export-id=\"content-16\" data-category=\"content\" class=\"content-16 content-section content-section-spacing white-text\" id=\"content-7\" style=\"background-color: rgb(13, 77, 145); background-image: none;\"><div  class=\"gridContainer\"> <div  class=\"row middle-sm\"><div  class=\"col-sm-6 space-bottom-xs\" data-type=\"column\"> <h2  class=\"\" data-lt-tmp-id=\"lt-91387\" data-gramm=\"false\" style=\"border-bottom-color: rgb(255, 255, 255);\">Rationalisierung der globalen PLM-Prozesse f\u00fcr einen Automobilteilehersteller<\/h2>  <\/div> <div  class=\"col-sm-6 flexbox around-xs top-xs space-top-xs space-bottom-xs\"><div  class=\"overlay-box flexbox middle-xs center-xs overlay-holder\"> <div  class=\"overlay-box-offset shadow-medium border-color2 hide-xs offset-background\"><\/div> <img  decoding=\"async\" class=\"flexbox shadow-large img1\" data-size=\"500x500\" src=\"https:\/\/arorian.com\/wp-content\/uploads\/2023\/10\/cropped-Thumbnail-35.png\" title=\"cropped-Thumbnail-35.png\" alt=\"\"><\/div> <\/div><\/div> <\/div><\/div><div  data-label=\"Content\" data-id=\"content--4\" data-export-id=\"content-12\" data-category=\"content\" class=\"content-12 content-section content-section-spacing\" id=\"content-2\" style=\"background-color: rgb(255, 255, 255);\"><div  class=\"gridContainer\"><div  data-section-title-area=\"true\" class=\"row text-center\">   <div  class=\"section-title-col\" data-type=\"column\">                 <p  class=\"\" data-lt-tmp-id=\"lt-821177\" data-gramm=\"false\" style=\"text-align: left;\">In dieser aufschlussreichen Fallstudie befassen wir uns mit dem Transformationsprozess eines bekannten Automobilzulieferers, unseres Kunden. Unser Kunde, der in der wettbewerbsintensiven Landschaft der Automobilindustrie t\u00e4tig ist, sah sich mit komplexen Herausforderungen konfrontiert, die aus einer fragmentierten PLM-Umgebung (Product Lifecycle Management) und einem Mangel an Einheitlichkeit in seinen globalen PLM-Prozessen resultierten. \r\n<br ><br >Diese H\u00fcrden behinderten das Potenzial der Zusammenarbeit und die betriebliche Effizienz insgesamt. In dieser Fallstudie erfahren Sie, wie unser Kunde sich auf den Weg gemacht hat, seine globalen PLM-Prozesse zu rationalisieren und mit unserer Hilfe entscheidende Schritte in Richtung Harmonisierung, Effizienz und Innovation zu unternehmen. Begleiten Sie uns auf dem bemerkenswerten Weg zu Spitzenleistungen in der sich st\u00e4ndig weiterentwickelnden Welt der Automobilproduktion.<\/p><\/div><\/div>  <div  class=\"row center-xs middle-xs\"> <div  class=\"col-sm-9\" data-type=\"column\"> <\/div> <\/div><\/div> <\/div><div  data-label=\"Content\" data-id=\"content--10\" data-export-id=\"content-9\" data-category=\"content\" class=\"content-9 content-section content-section-spacing content-relative\" id=\"content-8\" style=\"background-color: rgb(255, 255, 255); background-image: none;\"><div  class=\"section-separator-top\">\r\n    <svg  class=\"section-separator-top\" data-separator-name=\"triangle-asymmetrical-negative\" preserveaspectratio=\"none\" viewbox=\"0 0 1000 100\" xmlns=\"http:\/\/www.w3.org\/2000\/svg\">\r\n        <path  class=\"svg-white-bg\" d=\"M737.9,94.7L0,0v100h1000V0L737.9,94.7z\"><\/path>\r\n    <\/svg>\r\n<\/div><div  class=\"gridContainer\"> <div  class=\"row text-center\"><div  class=\"section-title-col\" data-type=\"column\"> <h2  class=\"\" data-lt-tmp-id=\"lt-308604\" data-gramm=\"false\" style=\"border-bottom-color: rgb(13, 77, 145);\">Herausforderungen schrittweise angehen<\/h2> <p  class=\"lead\" data-lt-tmp-id=\"lt-93427\" data-gramm=\"false\">Der Kunde stand vor mehreren kritischen Herausforderungen in seinen globalen PLM-Prozessen:<\/p><\/div> <\/div> <div  class=\"row space-bottom text-center center-sm\" data-type=\"row\"> <div  class=\"col-sm-4 col-padding-small\"> <i  class=\"fa icon fa-cubes bordered round color1\"><\/i> <h4  class=\"\" data-lt-tmp-id=\"lt-579410\" data-gramm=\"false\">Zersplitterte PLM-Landschaft<\/h4> <p  class=\"\" data-lt-tmp-id=\"lt-25525\" data-gramm=\"false\">Unser Kunde verf\u00fcgte \u00fcber eine zersplitterte PLM-Landschaft, der es an Einheitlichkeit in seinen globalen PLM-Prozessen mangelte. Diese Fragmentierung behinderte die Zusammenarbeit und Effizienz im gesamten Unternehmen.<\/p><\/div> <div  class=\"col-sm-4 col-padding-small\"><i  class=\"fa icon fa-cube bordered round color1\"><\/i> <h4  class=\"\" data-lt-tmp-id=\"lt-172583\" data-gramm=\"false\">Strategische Neuausrichtung<\/h4> <p  class=\"\" data-lt-tmp-id=\"lt-536294\" data-gramm=\"false\">Der Kunde hatte das Programm One PLM geplant, das \u00fcber weltweit standardisierte und harmonisierte Prozesse verf\u00fcgen wird.<\/p><\/div>  <\/div> <div  class=\"row center-xs middle-xs\"> <div  class=\"col-sm-12\" data-type=\"column\">  <\/div><\/div> <\/div><\/div><div  data-label=\"Content\" data-id=\"content--5\" data-export-id=\"content-12\" data-category=\"content\" class=\"content-12 content-section content-section-spacing\" id=\"content-3\" style=\"background-color: rgb(255, 255, 255); background-image: none;\"><div  class=\"gridContainer\"> <div  class=\"row text-center\"><div  class=\"section-title-col\" data-type=\"column\">  <h2  class=\"\" data-lt-tmp-id=\"lt-353429\" data-gramm=\"false\" style=\"border-bottom-color: rgb(13, 77, 145);\">Strategische L\u00f6sungen f\u00fcr die PLM-Transformation<\/h2><p  class=\"lead\" style=\"text-align: left;\" data-lt-tmp-id=\"lt-616640\" data-gramm=\"false\">Unser Kunde erkannte die Notwendigkeit von Ver\u00e4nderungen und initiierte das \"One PLM Program\". Dieses ehrgeizige Programm zielte darauf ab, PLM-Prozesse auf globaler Ebene zu standardisieren und zu harmonisieren und die Herausforderungen direkt anzugehen.\r\n<br ><br ><span style=\"font-weight: 400; font-family: arial, helvetica, sans-serif;\" ><span style=\"font-weight: 700; font-family: Roboto, arial, helvetica, sans-serif;\" >Implementierung agiler Entwicklungsprozesse<\/span>:<\/span> In Phase 3 des \"One PLM Program\" machte sich unser Kunde auf den Weg, um verschiedene Funktionalit\u00e4ten und Verbesserungen zu implementieren. Durch den Einsatz agiler Entwicklungsmethoden wurde ein schneller und anpassungsf\u00e4higer Fortschritt gew\u00e4hrleistet, der Flexibilit\u00e4t und Innovation f\u00f6rdert.\r\n<br ><br >\r\n<span style=\"font-family: Roboto, arial, helvetica, sans-serif; font-weight: 700;\" >Windchill RV&amp;S L\u00f6sung<\/span>: Als Teil der L\u00f6sung implementierte unser Kunde mit unserer Hilfe die Windchill Requirements und Validation Management (RV&amp;S) L\u00f6sung. Dieses umfassende Tool rationalisierte die Verwaltung von Anforderungen und Validierungsprozessen und stellte sicher, dass die Produktentwicklung mit den Erwartungen der Kunden \u00fcbereinstimmt.\r\n<br ><br >\r\n<span style=\"font-family: Roboto, arial, helvetica, sans-serif; font-weight: 700;\" >Windchill-Infrastruktur<\/span>: Die Implementierung umfasste auch die Windchill-Infrastruktur, die eine solide Grundlage f\u00fcr einen effizienten PLM-Betrieb bildet.<\/p><\/div> <\/div> <div  class=\"row center-xs middle-xs\"> <div  class=\"col-sm-9\" data-type=\"column\"> <\/div> <\/div><\/div> <\/div><div  data-label=\"Content\" data-id=\"content--6\" data-export-id=\"content-12\" data-category=\"content\" class=\"content-12 content-section content-section-spacing\" id=\"content-4\" style=\"background-color: rgb(255, 255, 255);\"><div  class=\"gridContainer\"> <div  class=\"row text-center\"><div  class=\"section-title-col\" data-type=\"column\">  <h2  class=\"\" data-lt-tmp-id=\"lt-81605\" data-gramm=\"false\" style=\"border-bottom-color: rgb(13, 77, 145);\">Rationalisierung globaler PLM-Prozesse - Das Ergebnis<\/h2><p  class=\"lead\" style=\"text-align: left;\" data-lt-tmp-id=\"lt-830334\" data-gramm=\"false\">In der hart umk\u00e4mpften Automobilbranche machte sich unser Kunde, ein f\u00fchrender Hersteller von Automobilteilen, auf den Weg, um sein Product Lifecycle Management (PLM) neu zu definieren. Die Herausforderungen waren gro\u00df - eine fragmentierte PLM-Umgebung und ein Mangel an Einheitlichkeit in den globalen PLM-Prozessen. Das Engagement des Unternehmens f\u00fcr die Umgestaltung ebnete jedoch den Weg f\u00fcr bemerkenswerte Ergebnisse.\r\n<br ><br >\r\nEine der wichtigsten Errungenschaften war die erfolgreiche Standardisierung und Harmonisierung der PLM-Prozesse im gesamten Unternehmen. Diese als \"One PLM Program\" bekannte Initiative f\u00f6rderte nicht nur die Zusammenarbeit, sondern verbesserte auch die Gesamteffizienz erheblich.<br ><br >\r\nDiese Fallstudie ist ein Beweis f\u00fcr das unerm\u00fcdliche Engagement unseres Kunden bei der Verbesserung globaler PLM-Prozesse, was ihm letztlich zu einem noch nie dagewesenen Ma\u00df an Effizienz und Innovation in der hart umk\u00e4mpften Automobilindustrie verholfen hat.<br >\r\n<\/p><p  class=\"\" data-lt-tmp-id=\"lt-196946\" data-gramm=\"false\"><\/p><a class=\"button color1\" href=\"https:\/\/arorian.com\/en\/sucess-stories\" target=\"_self\" data-cp-link=\"1\" data-icon=\"\" rel=\"noopener\">Mehr Case Studies<\/a><\/div> <\/div> <div  class=\"row center-xs middle-xs\"> <div  class=\"col-sm-9\" data-type=\"column\"> <\/div> <\/div><\/div> <\/div><div  data-label=\"Cta\" data-id=\"cta--2\" data-export-id=\"cta-centered-bg-section\" data-category=\"cta\" data-section-ov=\"1\" class=\"cta-centered-bg-section content-section content-section-spacing-medium white-text\" data-parallax-depth=\"20\" id=\"cta-2\" style=\"background-color: rgb(255, 255, 255);\"><div  class=\"gridContainer\"> <div  class=\"row text-center\"><div  data-type=\"column\" class=\"\"> <h2  class=\"\" data-lt-tmp-id=\"lt-774739\" data-gramm=\"false\">Brauchen Sie Unterst\u00fctzung f\u00fcr Ihre n\u00e4chste Produkteinf\u00fchrung?&nbsp; &nbsp;<\/h2><a class=\"button color2\" href=\"#\" target=\"_self\" data-cp-link=\"1\" data-icon=\"\" rel=\"noopener\"> KONTAKTIEREN SIE UNS<\/a> <\/div> <\/div><\/div> <\/div>","protected":false},"excerpt":{"rendered":"<p>Streamlining Global PLM Processes for an Automotive Parts Manufacturer In this illuminating case study, we delve into the transformative journey of a prominent automotive parts manufacturer, our client. Operating in the competitive landscape of the automotive industry, our client faced intricate challenges stemming from a fragmented Product Lifecycle Management (PLM) environment and a lack of&hellip; <br \/> <a class=\"read-more\" href=\"https:\/\/arorian.com\/de\/case-study-automotive-parts-manufacturer\/\">Mehr lesen<\/a><\/p>","protected":false},"author":8,"featured_media":0,"parent":0,"menu_order":0,"comment_status":"closed","ping_status":"closed","template":"pro\/page-templates\/full-width-page.php","meta":{"content-type":"","footnotes":""},"class_list":["post-2672","page","type-page","status-publish","hentry"],"aioseo_notices":[],"_links":{"self":[{"href":"https:\/\/arorian.com\/de\/wp-json\/wp\/v2\/pages\/2672","targetHints":{"allow":["GET"]}}],"collection":[{"href":"https:\/\/arorian.com\/de\/wp-json\/wp\/v2\/pages"}],"about":[{"href":"https:\/\/arorian.com\/de\/wp-json\/wp\/v2\/types\/page"}],"author":[{"embeddable":true,"href":"https:\/\/arorian.com\/de\/wp-json\/wp\/v2\/users\/8"}],"replies":[{"embeddable":true,"href":"https:\/\/arorian.com\/de\/wp-json\/wp\/v2\/comments?post=2672"}],"version-history":[{"count":3,"href":"https:\/\/arorian.com\/de\/wp-json\/wp\/v2\/pages\/2672\/revisions"}],"predecessor-version":[{"id":7649,"href":"https:\/\/arorian.com\/de\/wp-json\/wp\/v2\/pages\/2672\/revisions\/7649"}],"wp:attachment":[{"href":"https:\/\/arorian.com\/de\/wp-json\/wp\/v2\/media?parent=2672"}],"curies":[{"name":"wp","href":"https:\/\/api.w.org\/{rel}","templated":true}]}}