{"id":3344,"date":"2023-11-28T00:38:53","date_gmt":"2023-11-27T23:38:53","guid":{"rendered":"https:\/\/arorian.com\/?page_id=3344"},"modified":"2024-07-15T17:35:03","modified_gmt":"2024-07-15T15:35:03","slug":"windchill-and-codebeamer-integration","status":"publish","type":"page","link":"https:\/\/arorian.com\/de\/windchill-und-codebeamer-integration\/","title":{"rendered":"Integration von Windchill und Codebeamer"},"content":{"rendered":"<div  data-label=\"Content\" data-id=\"content--10\" data-export-id=\"content-7\" data-category=\"content\" class=\"content-7 content-section content-section-spacing white-text\" id=\"content-8\" style=\"background-color: rgb(245, 250, 253); background-image: url(&quot;https:\/\/arorian.com\/wp-content\/uploads\/2023\/10\/Banner-26.png&quot;); background-size: cover; background-position: center top;\"><div  class=\"gridContainer\"> <div  class=\"row middle-sm\"><div  class=\"col-sm-6 space-bottom-xs\" data-type=\"column\"> <h2  class=\"\" style=\"border-bottom-color: rgb(33, 139, 185);\">Windchill und Codebeamer Integration - Digitale Produktr\u00fcckverfolgbarkeit<\/h2> <p  class=\"\">Unlock the Full Potential of Your Product Lifecycle<\/p> <\/div> <div  class=\"col-sm-6\" data-type=\"column\"> <\/div> <\/div><\/div> <\/div><div  data-label=\"Subscribe\" data-id=\"subscribe--1\" data-export-id=\"subscribe-social-section\" data-category=\"subscribe\" class=\"subscribe-social-section content-section content-section-spacing-medium\" id=\"subscribe-1\" style=\"background-color: rgb(255, 255, 255); background-image: none;\"><div  class=\"gridContainer\"> <div  class=\"row middle-xs\"><div  class=\"col-sm-6 text-center space-bottom-xs\" data-type=\"column\">  <h3  class=\"\">Register<\/h3><div  data-content-shortcode=\"mesmerize_subscribe_form shortcode=&quot;hubspot type=&amp;amp;quot;form&amp;amp;quot; portal=&amp;amp;quot;143930537&amp;amp;quot; id=&amp;amp;quot;525e2552-5c70-432b-b20e-cde431a719ed&amp;amp;quot;&quot;\" data-editable=\"true\" class=\"\" style=\"position: relative; top: 0px; left: 0px;\"><div class=\"subscribe-form\">\n\t\t\t\t\t\t<script>\n\t\t\t\t\t\t\twindow.hsFormsOnReady = window.hsFormsOnReady || [];\n\t\t\t\t\t\t\twindow.hsFormsOnReady.push(()=>{\n\t\t\t\t\t\t\t\thbspt.forms.create({\n\t\t\t\t\t\t\t\t\tportalId: 143930537,\n\t\t\t\t\t\t\t\t\tformId: \"525e2552-5c70-432b-b20e-cde431a719ed\",\n\t\t\t\t\t\t\t\t\ttarget: \"#hbspt-form-1777528780000-8573510565\",\n\t\t\t\t\t\t\t\t\tregion: \"eu1\",\n\t\t\t\t\t\t\t\t\t\n\t\t\t\t\t\t\t})});\n\t\t\t\t\t\t<\/script>\n\t\t\t\t\t\t<div class=\"hbspt-form\" id=\"hbspt-form-1777528780000-8573510565\"><\/div><\/div><\/div><\/div> <div  class=\"col-sm-6 text-center\" data-type=\"column\"><h2  class=\"\" style=\"border-bottom-color: rgb(33, 139, 185);\">Collaboration Layer for Digital Product Traceability<\/h2><h4  class=\"\" style=\"text-align: left;\"><span  style=\"font-weight: 400;\">Erschlie\u00dfen Sie das volle Potenzial Ihres Produktlebenszyklus mit Arorians Collaboration Layer f\u00fcr digitale Produktr\u00fcckverfolgbarkeit, beginnend mit der Integration von Windchill und Codebeamer.<\/span><br ><br ><span  style=\"font-weight: 400;\">\nAre you navigating the complexities of product development with Windchill PDMLink and Codebeamer?\n<\/span><br ><br ><span  style=\"font-weight: 400;\">\nIntroducing Arorian\u2019s Collaboration Layer \u2013 a game-changer for businesses seeking streamlined, efficient, and traceable digital product development. This cutting-edge solution seamlessly integrates with Windchill PDMLink and Codebeamer, transforming the way you manage your product lifecycle.\n<\/span><span  style=\"font-weight: 400;\"><br >Explore the future of PLM and ALM integration. Register for the webinar to learn more and see why this is a must-have for your organization!\n<\/span><\/h4> <div  data-type=\"group\" class=\"\"> <a href=\"#\" target=\"_self\" data-reiki-hidden=\"true\" rel=\"noopener\"> <i  class=\"icon fa fa-facebook-square color6\" data-cp-fa=\"true\"><\/i><\/a> <a href=\"#\" target=\"_self\" data-reiki-hidden=\"true\" rel=\"noopener\"><i  class=\"icon fa fa-twitter-square color6\" data-cp-fa=\"true\"><\/i><\/a> <a href=\"#\" target=\"_self\" data-reiki-hidden=\"true\" rel=\"noopener\"><i  class=\"icon fa fa-google-plus-square color6\" data-cp-fa=\"true\"><\/i><\/a> <a href=\"#\" target=\"_self\" data-reiki-hidden=\"true\" rel=\"noopener\"><i  class=\"icon fa fa-instagram color6\" data-cp-fa=\"true\"><\/i><\/a> <a href=\"#\" target=\"_self\" data-reiki-hidden=\"true\" rel=\"noopener\"><i  class=\"icon fa fa-pinterest-square color6\" data-cp-fa=\"true\"><\/i><\/a> <\/div><\/div> <\/div><\/div> <\/div><div  data-label=\"Portfolio\" data-id=\"portfolio--1\" data-export-id=\"portfolio-5\" data-category=\"portfolio\" class=\"portfolio-5 content-section content-section-spacing\" id=\"portfolio-1\" style=\"background-color: rgb(255, 255, 255);\"><div  class=\"gridContainer\"> <div  class=\"row text-center\"><div  class=\"section-title-col\" data-type=\"column\"> <h2  class=\"\" style=\"border-bottom-color: rgb(33, 139, 185);\">PTC Codebeamer&nbsp;<\/h2> <\/div> <\/div> <div  class=\"row space-bottom spaced-cols\" data-type=\"row\"> <div  class=\"col-xs-12 col-sm-4 text-center\"> <div  class=\"card no-padding bordered\"> <div  data-hover-fx=\"portfolio-6\" class=\"contentswap-effect\"> <div  class=\"initial-image\"> <img  decoding=\"async\" data-size=\"500x333\" src=\"https:\/\/arorian.com\/wp-content\/uploads\/2024\/04\/Training-and-Adoption-Services.jpg\"><\/div> <div  class=\"overlay bg-color6\"><\/div> <div  class=\"swap-inner col-xs-12\"> <div  class=\"row full-height-row middle-xs middle-sm\"> <div  class=\"col-xs-12 text-center content-holder\"> <a class=\"button small color2\" href=\"https:\/\/arorian.com\/de\/home\/dienstleistungen\/codebeamer-schulung\/\" target=\"_blank\" data-cp-link=\"1\" data-icon=\"\" rel=\"noopener\">Mehr lesen<\/a><\/div> <\/div><\/div> <\/div> <div  class=\"col-xs-12\"> <div  class=\"space-bottom space-top\" data-type=\"column\"> <h5  class=\"\">Codebeamer-Schulung und -Anpassung<\/h5> <\/div> <\/div><\/div> <\/div> <div  class=\"col-xs-12 col-sm-4 text-center\"> <div  class=\"card no-padding bordered\"> <div  data-hover-fx=\"portfolio-6\" class=\"contentswap-effect\"> <div  class=\"initial-image\"> <img  decoding=\"async\" data-size=\"500x333\" src=\"https:\/\/arorian.com\/wp-content\/uploads\/2023\/10\/cropped-Thumbnail-46-1.png\"><\/div> <div  class=\"overlay bg-color6\"><\/div> <div  class=\"swap-inner col-xs-12\"> <div  class=\"row full-height-row middle-xs middle-sm\"> <div  class=\"col-xs-12 text-center content-holder\"> <a class=\"button small color2\" href=\"https:\/\/arorian.com\/de\/codebeamer-migration\/\" target=\"_blank\" data-cp-link=\"1\" data-icon=\"\" rel=\"noopener\">Mehr lesen<\/a><\/div> <\/div><\/div> <\/div> <div  class=\"col-xs-12\"> <div  class=\"space-bottom space-top\" data-type=\"column\"> <h5  class=\"\">Migration zu Codebeamer mit Aro-Migrator<\/h5> <\/div> <\/div><\/div> <\/div> <div  class=\"col-xs-12 col-sm-4 text-center\"> <div  class=\"card no-padding bordered\"> <div  data-hover-fx=\"portfolio-6\" class=\"contentswap-effect\"> <div  class=\"initial-image\"> <img  decoding=\"async\" data-size=\"500x333\" src=\"https:\/\/arorian.com\/wp-content\/uploads\/2023\/10\/cropped-cropped-Thumbnail-33.png\"><\/div> <div  class=\"overlay bg-color6\"><\/div> <div  class=\"swap-inner col-xs-12\"> <div  class=\"row full-height-row middle-xs middle-sm\"> <div  class=\"col-xs-12 text-center content-holder\"> <a class=\"button small color2\" href=\"https:\/\/arorian.com\/de\/ptc-codebeamer-implementation-partner\/\" target=\"_blank\" data-cp-link=\"1\" data-icon=\"\" rel=\"noopener\">Mehr lesen<\/a><\/div> <\/div><\/div> <\/div> <div  class=\"col-xs-12\"> <div  class=\"space-bottom space-top\" data-type=\"column\"> <h5  class=\"\">Codebeamer Implementierungspartner<\/h5> <\/div> <\/div><\/div> <\/div><\/div> <div  class=\"row\"><div  data-type=\"column\" class=\"col-xs-12 text-center\"> <a class=\"button y-move color2\" href=\"https:\/\/arorian.com\/de\/ptc-codebeamer\/\" target=\"_blank\" data-cp-link=\"1\" data-icon=\"\" rel=\"noopener\">Warum Codebeamer? Mehr erfahren<\/a><\/div> <\/div><\/div> <\/div>","protected":false},"excerpt":{"rendered":"<p>Windchill and Codebeamer Integration \u2013 Digital Product Traceability Unlock the Full Potential of Your Product Lifecycle Register Collaboration Layer for Digital Product TraceabilityUnlock the Full Potential of Your Product Lifecycle with Arorian\u2019s Collaboration Layer for Digital Product Traceability starting with Windchill and Codebeamer Integration. Are you navigating the complexities of product development with Windchill PDMLink&hellip; <br \/> <a class=\"read-more\" href=\"https:\/\/arorian.com\/de\/windchill-und-codebeamer-integration\/\">Mehr lesen<\/a><\/p>","protected":false},"author":1,"featured_media":0,"parent":0,"menu_order":0,"comment_status":"closed","ping_status":"closed","template":"pro\/page-templates\/full-width-page.php","meta":{"content-type":"","footnotes":""},"class_list":["post-3344","page","type-page","status-publish","hentry"],"aioseo_notices":[],"_links":{"self":[{"href":"https:\/\/arorian.com\/de\/wp-json\/wp\/v2\/pages\/3344","targetHints":{"allow":["GET"]}}],"collection":[{"href":"https:\/\/arorian.com\/de\/wp-json\/wp\/v2\/pages"}],"about":[{"href":"https:\/\/arorian.com\/de\/wp-json\/wp\/v2\/types\/page"}],"author":[{"embeddable":true,"href":"https:\/\/arorian.com\/de\/wp-json\/wp\/v2\/users\/1"}],"replies":[{"embeddable":true,"href":"https:\/\/arorian.com\/de\/wp-json\/wp\/v2\/comments?post=3344"}],"version-history":[{"count":11,"href":"https:\/\/arorian.com\/de\/wp-json\/wp\/v2\/pages\/3344\/revisions"}],"predecessor-version":[{"id":8424,"href":"https:\/\/arorian.com\/de\/wp-json\/wp\/v2\/pages\/3344\/revisions\/8424"}],"wp:attachment":[{"href":"https:\/\/arorian.com\/de\/wp-json\/wp\/v2\/media?parent=3344"}],"curies":[{"name":"wp","href":"https:\/\/api.w.org\/{rel}","templated":true}]}}