{"id":5757,"date":"2024-03-26T15:11:30","date_gmt":"2024-03-26T14:11:30","guid":{"rendered":"https:\/\/arorian.com\/?page_id=5757"},"modified":"2025-10-29T15:43:31","modified_gmt":"2025-10-29T14:43:31","slug":"check-our-codebeamer-migration-services","status":"publish","type":"page","link":"https:\/\/arorian.com\/de\/check-unsere-codebeamer-migrationsdienste\/","title":{"rendered":"Pr\u00fcfen Sie unsere Codebeamer-Migrationsdienste"},"content":{"rendered":"<div  data-label=\"Content\" data-id=\"content--1\" data-export-id=\"content-7\" data-category=\"content\" class=\"content-7 content-section content-section-spacing white-text\" id=\"content-1\" style=\"background-color: rgb(245, 250, 253); background-size: cover; background-position: center top; background-image: url(&quot;https:\/\/arorian.com\/wp-content\/uploads\/2024\/03\/Check-our-Migration-Codebeamer-Services-jpg.webp&quot;);\" data-section-ov=\"1\"><div  class=\"gridContainer\"> <div  class=\"row middle-sm\"><div  class=\"col-sm-6 space-bottom-xs\" data-type=\"column\"> <h1  class=\"\">Pr\u00fcfen Sie unsere Codebeamer-Migrationsdienste&nbsp;<\/h1>  <p  class=\"lead\">Erfahren Sie, wie Arorian Technologies Ihre Migration zu Codebeamer mit AroMigrator rationalisieren kann<\/p><a  class=\"button big color-white round outline\" href=\"#contact-1\" target=\"_self\" data-cp-link=\"1\" data-icon=\"fa-arrow-right\" rel=\"noopener\"><span  class=\"button-icon fa fa-arrow-right\"><\/span>PR\u00dcFEN SIE UNSERE DIENSTLEISTUNGEN<\/a><\/div> <div  class=\"col-sm-6\" data-type=\"column\"> <\/div> <\/div><\/div> <\/div><div  data-label=\"Features\" data-id=\"features--1\" data-export-id=\"features-6\" data-category=\"features\" class=\"features-6 content-section-spacing\" id=\"features-1\" style=\"background-color: rgb(255, 255, 255); background-image: none;\"><div  class=\"gridContainer\"> <div  class=\"row text-center\"><div  class=\"section-title-col\" data-type=\"column\">  <h3  class=\"\">Migration zu Codebeamer mit AroMigrator<\/h3><p  class=\"lead\"><b >M\u00f6chten Sie Ihre Prozesse rationalisieren und Ihre Abl\u00e4ufe optimieren? Lassen Sie uns Ihnen helfen, Ihre Reise vorw\u00e4rts zu navigieren. Ganz gleich, ob Sie eine Migration zu Codebeamer in Erw\u00e4gung ziehen oder andere M\u00f6glichkeiten zur Verbesserung Ihrer Systeme pr\u00fcfen, Arorian steht Ihnen bei jedem Schritt zur Seite<\/b><\/p><\/div> <\/div> <div  data-type=\"row\" class=\"row space-bottom\"> <div  class=\"col-xs-12 col-sm-4 col-padding-small-xs\"> <div  class=\"row\"> <div  class=\"col-xs-fit\"> <p  class=\"oval color2\"><span  style=\"color: rgb(13, 97, 149);\">1<\/span><span  id=\"_mce_caret\" data-mce-bogus=\"1\" data-mce-type=\"format-caret\"><span  style=\"color: rgb(13, 97, 149);\"><\/span><\/span><\/p><\/div> <div  class=\"col-xs left-text\" data-type=\"column\"><h4  class=\"color2\"><span  style=\"color: rgb(13, 97, 149);\">Erhalten Sie eine kostenlose Bewertung<\/span><\/h4> <p  class=\"lead\">Nutzen Sie unseren kostenlosen Evaluierungsservice, um Ihre derzeitige Strategie oder Ihr Setup f\u00fcr die Migration zu Codebeamer zu bewerten. Unser Expertenteam wird Ihnen wertvolle Einblicke und Empfehlungen geben, die auf Ihre spezifischen Bed\u00fcrfnisse und Ziele zugeschnitten sind.<\/p><\/div> <\/div><\/div> <div  class=\"col-xs-12 col-sm-4 col-padding-small-xs\"><div  class=\"row\"> <div  class=\"col-xs-fit\"><p  class=\"oval color2\"><span  style=\"color: rgb(13, 97, 149);\">2<\/span><\/p><\/div> <div  class=\"col-xs left-text\" data-type=\"column\"><h4  class=\"color2\"><span  style=\"color: rgb(13, 97, 149);\">Versuchen Sie AroMigrator<\/span><\/h4> <p  class=\"lead\">Erleben Sie die Leistungsf\u00e4higkeit von AroMigrator mit einer 15-t\u00e4gigen kostenlosen Testversion. Unser Migrationstool wurde entwickelt, um den Prozess zu vereinfachen und Unterbrechungen zu minimieren, sodass Sie nahtlos zu Codebeamer oder einer anderen Plattform wechseln k\u00f6nnen.<\/p><\/div> <\/div><\/div> <div  class=\"col-xs-12 col-sm-4 col-padding-small-xs\"><div  class=\"row\"> <div  class=\"col-xs-fit\"><p  class=\"oval color2\"><span  style=\"color: rgb(13, 97, 149);\">3<\/span><\/p><\/div> <div  class=\"col-xs left-text\" data-type=\"column\"><h4  class=\"color2\"><span  style=\"color: rgb(13, 97, 149);\">Genie\u00dfen Sie eine reibungslose Migration<\/span><\/h4> <p  class=\"lead\">Lassen Sie sich von Arorian Technologies durch einen nahtlosen Migrationsprozess f\u00fchren. Unser Fachwissen stellt sicher, dass Ihr \u00dcbergang zu Codebeamer oder einer anderen Plattform effizient und reibungslos verl\u00e4uft. Erleben Sie den Seelenfrieden, den eine reibungslose Migration mit sich bringt.<\/p><\/div> <\/div><\/div> <\/div> <div  class=\"row\"> <div  data-type=\"column\" class=\"col-xs-12 text-center\"> <\/div> <\/div><\/div> <\/div><div  data-label=\"Cta\" data-id=\"cta--2\" data-export-id=\"cta-centered-section-grid\" data-category=\"cta\" class=\"cta-centered-section-grid content-section content-section-spacing-medium bg-color1 white-text\" id=\"cta-2\" style=\"background-image: url(&quot;https:\/\/arorian.com\/wp-content\/uploads\/2024\/04\/Data-Migration-banner.jpg&quot;); background-size: cover; background-position: center top;\" data-section-ov=\"1\"><div  class=\"gridContainer\"> <div  class=\"row text-center\"><div  class=\"col-xs-12 col-sm-10 col-sm-offset-1 col-md-8 col-md-offset-2\" data-type=\"column\"> <h2  class=\"no-after\">Arorian Technologies:<br >\nein f\u00fchrender Codebeamer-Systemintegrator<\/h2> <p  class=\"\"><\/p> <a  class=\"button big color-white round outline\" href=\"https:\/\/arorian.com\/de\/codebeamer-systemintegrator\/\" target=\"_self\" data-cp-link=\"1\" data-icon=\"\" rel=\"noopener\">MEHR LESEN<\/a><\/div> <\/div><\/div> <\/div><div  data-label=\"Contact\" data-id=\"contact--1\" data-export-id=\"contact-1\" data-category=\"contact\" class=\"contact-1 content-section content-section-spacing section-title-col-\" data-parallax-depth=\"20\" id=\"contact-1\" style=\"background-color: rgb(255, 255, 255); background-size: cover; background-position: center top; background-image: none;\" data-section-ov=\"1\"><div  class=\"gridContainer\"> <div  class=\"row text-center\"><div  class=\"section-title-col\" data-type=\"column\"> <h2  class=\"\" style=\"border-bottom-color: rgb(13, 97, 149);\">Pr\u00fcfen Sie unsere Dienstleistungen<\/h2> <\/div> <\/div> <div  class=\"row text-center\"> <div  class=\"col-xs-12 col-sm-8 col-sm-offset-2 contact-form-wrapper inline-info\"> <div  class=\"card large-padding\"> <div  class=\"\" data-content-shortcode=\"mesmerize_contact_form shortcode=&quot;mailpoet_form id=&amp;amp;quot;21&amp;amp;quot;&quot;\" data-editable=\"true\">  \n  \n  <div class=\"mailpoet_form_popup_overlay\"><\/div>\n  <div\n    id=\"mailpoet_form_21\"\n    class=\"mailpoet_form      mailpoet_form_shortcode      mailpoet_form_position_      mailpoet_form_animation_\"\n      >\n\n    <style type=\"text\/css\">\n     #mailpoet_form_21 .mailpoet_form {  }\n#mailpoet_form_21 .mailpoet_column_with_background { padding: 10px; }\n#mailpoet_form_21 .mailpoet_form_column:not(:first-child) { margin-left: 20px; }\n#mailpoet_form_21 .mailpoet_paragraph { line-height: 20px; margin-bottom: 20px; }\n#mailpoet_form_21 .mailpoet_segment_label, #mailpoet_form_21 .mailpoet_text_label, #mailpoet_form_21 .mailpoet_textarea_label, #mailpoet_form_21 .mailpoet_select_label, #mailpoet_form_21 .mailpoet_radio_label, #mailpoet_form_21 .mailpoet_checkbox_label, #mailpoet_form_21 .mailpoet_list_label, #mailpoet_form_21 .mailpoet_date_label { display: block; font-weight: normal; }\n#mailpoet_form_21 .mailpoet_text, #mailpoet_form_21 .mailpoet_textarea, #mailpoet_form_21 .mailpoet_select, #mailpoet_form_21 .mailpoet_date_month, #mailpoet_form_21 .mailpoet_date_day, #mailpoet_form_21 .mailpoet_date_year, #mailpoet_form_21 .mailpoet_date { display: block; }\n#mailpoet_form_21 .mailpoet_text, #mailpoet_form_21 .mailpoet_textarea { width: 200px; }\n#mailpoet_form_21 .mailpoet_checkbox {  }\n#mailpoet_form_21 .mailpoet_submit {  }\n#mailpoet_form_21 .mailpoet_divider {  }\n#mailpoet_form_21 .mailpoet_message {  }\n#mailpoet_form_21 .mailpoet_form_loading { width: 30px; text-align: center; line-height: normal; }\n#mailpoet_form_21 .mailpoet_form_loading > span { width: 5px; height: 5px; background-color: #5b5b5b; }#mailpoet_form_21{border-radius: 0px;background: #ffffff;text-align: left;}#mailpoet_form_21 form.mailpoet_form {padding: 20px;}#mailpoet_form_21{width: 100%;}#mailpoet_form_21 .mailpoet_message {margin: 0; padding: 0 20px;}\n        #mailpoet_form_21 .mailpoet_validate_success {color: #0693e3}\n        #mailpoet_form_21 input.parsley-success {color: #0693e3}\n        #mailpoet_form_21 select.parsley-success {color: #0693e3}\n        #mailpoet_form_21 textarea.parsley-success {color: #0693e3}\n      \n        #mailpoet_form_21 .mailpoet_validate_error {color: #cf2e2e}\n        #mailpoet_form_21 input.parsley-error {color: #cf2e2e}\n        #mailpoet_form_21 select.parsley-error {color: #cf2e2e}\n        #mailpoet_form_21 textarea.textarea.parsley-error {color: #cf2e2e}\n        #mailpoet_form_21 .parsley-errors-list {color: #cf2e2e}\n        #mailpoet_form_21 .parsley-required {color: #cf2e2e}\n        #mailpoet_form_21 .parsley-custom-error-message {color: #cf2e2e}\n      #mailpoet_form_21 .mailpoet_paragraph.last {margin-bottom: 0} @media (max-width: 500px) {#mailpoet_form_21 {background: #ffffff;}} @media (min-width: 500px) {#mailpoet_form_21 .last .mailpoet_paragraph:last-child {margin-bottom: 0}}  @media (max-width: 500px) {#mailpoet_form_21 .mailpoet_form_column:last-child .mailpoet_paragraph:last-child {margin-bottom: 0}} \n    <\/style>\n\n    <form\n      target=\"_self\"\n      method=\"post\"\n      action=\"https:\/\/arorian.com\/wp-admin\/admin-post.php?action=mailpoet_subscription_form\"\n      class=\"mailpoet_form mailpoet_form_form mailpoet_form_shortcode\"\n      novalidate\n data-delay=\"\"\n      data-exit-intent-enabled=\"\"\n      data-font-family=\"\"\n      data-cookie-expiration-time=\"\"\n    >\n      <input type=\"hidden\" name=\"data[form_id]\" value=\"21\" \/>\n      <input type=\"hidden\" name=\"token\" value=\"9c41ba4f32\" \/>\n      <input type=\"hidden\" name=\"api_version\" value=\"v1\" \/>\n      <input type=\"hidden\" name=\"endpoint\" value=\"subscribers\" \/>\n      <input type=\"hidden\" name=\"mailpoet_method\" value=\"subscribe\" \/>\n\n      <label class=\"mailpoet_hp_email_label\" style=\"display: none !important;\">Bitte dieses Feld leer lassen<input type=\"email\" name=\"data[email]\"\/><\/label><div class='mailpoet_form_columns_container'><div class=\"mailpoet_form_columns mailpoet_paragraph mailpoet_stack_on_mobile\"><div class=\"mailpoet_form_column\"><div class=\"mailpoet_paragraph\"><input type=\"text\" autocomplete=\"given-name\" class=\"mailpoet_text\" id=\"form_first_name_21\" name=\"data[form_field_ZWNjMzZjNGFkMWNiX2ZpcnN0X25hbWU=]\" title=\"Vorname\" value=\"\" style=\"width:100%;box-sizing:border-box;padding:5px;margin: 0 auto 0 0;\" data-automation-id=\"form_first_name\"  placeholder=\"Vorname\" aria-label=\"Vorname\" data-parsley-errors-container=\".mailpoet_error_1a4x5\" data-parsley-names='[&quot;Bitte gib einen g\u00fcltigen Namen an.&quot;,&quot;Adressen in Namen sind nicht erlaubt, bitte f\u00fcge stattdessen deinen Namen hinzu.&quot;]' data-parsley-required=\"true\" required aria-required=\"true\" data-parsley-required-message=\"Dieses Feld wird ben\u00f6tigt.\"\/><span class=\"mailpoet_error_1a4x5\"><\/span><\/div>\n<div class=\"mailpoet_paragraph\"><input type=\"email\" autocomplete=\"email\" class=\"mailpoet_text\" id=\"form_email_21\" name=\"data[form_field_MGUxZmYwNjRhNjMzX2VtYWls]\" title=\"Gesch\u00e4ftliche E-Mail\" value=\"\" style=\"width:100%;box-sizing:border-box;padding:5px;margin: 0 auto 0 0;\" data-automation-id=\"form_email\"  placeholder=\"Gesch\u00e4ftliche E-Mail\" aria-label=\"Gesch\u00e4ftliche E-Mail\" data-parsley-errors-container=\".mailpoet_error_13bio\" data-parsley-required=\"true\" required aria-required=\"true\" data-parsley-minlength=\"6\" data-parsley-maxlength=\"150\" data-parsley-type-message=\"Dieser Wert sollte eine g\u00fcltige E-Mail-Adresse sein.\" data-parsley-required-message=\"Dieses Feld wird ben\u00f6tigt.\"\/><span class=\"mailpoet_error_13bio\"><\/span><\/div>\n<div class=\"mailpoet_paragraph\"><input type=\"text\" autocomplete=\"on\" class=\"mailpoet_text\" id=\"form_3_21\" name=\"data[cf_3]\" title=\"Berufsbezeichnung\" value=\"\" style=\"width:100%;box-sizing:border-box;padding:5px;margin: 0 auto 0 0;\"   placeholder=\"Berufsbezeichnung\" aria-label=\"Berufsbezeichnung\" data-parsley-errors-container=\".mailpoet_error_1jddt\" data-parsley-required=\"true\" required aria-required=\"true\" data-parsley-required-message=\"Dieses Feld wird ben\u00f6tigt.\"\/><span class=\"mailpoet_error_1jddt\"><\/span><\/div>\n<\/div>\n<div class=\"mailpoet_form_column\"><div class=\"mailpoet_paragraph\"><input type=\"text\" autocomplete=\"family-name\" class=\"mailpoet_text\" id=\"form_last_name_21\" name=\"data[form_field_MzE5MzU1Y2M5ZjgyX2xhc3RfbmFtZQ==]\" title=\"Nachname\" value=\"\" style=\"width:100%;box-sizing:border-box;padding:5px;margin: 0 auto 0 0;\" data-automation-id=\"form_last_name\"  placeholder=\"Nachname\" aria-label=\"Nachname\" data-parsley-errors-container=\".mailpoet_error_nsbwy\" data-parsley-names='[&quot;Bitte gib einen g\u00fcltigen Namen an.&quot;,&quot;Adressen in Namen sind nicht erlaubt, bitte f\u00fcge stattdessen deinen Namen hinzu.&quot;]' data-parsley-required=\"true\" required aria-required=\"true\" data-parsley-required-message=\"Dieses Feld wird ben\u00f6tigt.\"\/><span class=\"mailpoet_error_nsbwy\"><\/span><\/div>\n<div class=\"mailpoet_paragraph\"><input type=\"text\" autocomplete=\"on\" class=\"mailpoet_text\" id=\"form_1_21\" name=\"data[cf_1]\" title=\"Unternehmen\" value=\"\" style=\"width:100%;box-sizing:border-box;padding:5px;margin: 0 auto 0 0;\"   placeholder=\"Unternehmen\" aria-label=\"Unternehmen\" data-parsley-errors-container=\".mailpoet_error_v4pph\" data-parsley-required=\"true\" required aria-required=\"true\" data-parsley-required-message=\"Dieses Feld wird ben\u00f6tigt.\"\/><span class=\"mailpoet_error_v4pph\"><\/span><\/div>\n<div class=\"mailpoet_paragraph\"><select\n      class=\"mailpoet_select\"\n      name=\"data[cf_2]\" style=\"padding:5px;margin: 0 auto 0 0;\"><option value=\"\" disabled selected hidden>Land<\/option><option value=\"Australia\">Australia<\/option><option value=\"Austria\">Austria<\/option><option value=\"Belgium\">Belgium<\/option><option value=\"Canada\">Canada<\/option><option value=\"China\">China<\/option><option value=\"Czech Republic\">Czech Republic<\/option><option value=\"Denmark\">Denmark<\/option><option value=\"Finland\">Finland<\/option><option value=\"France\">France<\/option><option value=\"Germany\">Germany<\/option><option value=\"Greece\">Greece<\/option><option value=\"Hungary\">Hungary<\/option><option value=\"India\">India<\/option><option value=\"Italy\">Italy<\/option><option value=\"Japan\">Japan<\/option><option value=\"Luxembourg\">Luxembourg<\/option><option value=\"Mexico\">Mexico<\/option><option value=\"Netherlands\">Netherlands<\/option><option value=\"New Zealand\">New Zealand<\/option><option value=\"Norway\">Norway<\/option><option value=\"Poland\">Poland<\/option><option value=\"Portugal\">Portugal<\/option><option value=\"Romania\">Romania<\/option><option value=\"Saudi Arabia\">Saudi Arabia<\/option><option value=\"Singapore\">Singapore<\/option><option value=\"South Africa\">South Africa<\/option><option value=\"Spain\">Spain<\/option><option value=\"Sweden\">Sweden<\/option><option value=\"Switzerland\">Switzerland<\/option><option value=\"Turkey\">Turkey<\/option><option value=\"United Arab Emirates\">United Arab Emirates<\/option><option value=\"United Kingdom\">United Kingdom<\/option><option value=\"USA\">USA<\/option><option value=\"Other\">Andere<\/option><\/select><span class=\"mailpoet_error_1u4lp\"><\/span><\/div>\n<\/div>\n<\/div><\/div>\n<div class=\"mailpoet_paragraph\"><select\n      class=\"mailpoet_select\"\n      name=\"data[cf_23]\" style=\"padding:5px;margin: 0 auto 0 0;\"><option value=\"\" disabled selected hidden>W\u00e4hlen Sie Ihr Quellsystem<\/option><option value=\"Windchill RV&amp;S\">Windchill RV&amp;S<\/option><option value=\"IBM DOORS NG\">IBM DOORS NG<\/option><option value=\"IBM DOORS\">IBM DOORS<\/option><option value=\"Other\">Andere<\/option><\/select><span class=\"mailpoet_error_15i7i\"><\/span><\/div>\n<div class=\"mailpoet_paragraph\"><select\n      class=\"mailpoet_select\"\n      name=\"data[cf_24]\" style=\"padding:5px;margin: 0 auto 0 0;\"><option value=\"\" disabled selected hidden>W\u00e4hlen Sie Ihren Schritt<\/option><option value=\"Order Free Evaluation\">Kostenlose Bewertung bestellen<\/option><option value=\"Order a 15-day trial version of AroMigrator\">Bestellen Sie eine 15-t\u00e4gige Testversion von AroMigrator<\/option><option value=\" Order our Services\"> Bestellen Sie unsere Dienstleistungen<\/option><\/select><span class=\"mailpoet_error_1g6ic\"><\/span><\/div>\n<div class=\"mailpoet_paragraph\"><textarea class=\"mailpoet_textarea\" data-automation-id=\"form_custom_text_area\" rows=\"1\" name=\"data[cf_21]\" placeholder=\"Zus\u00e4tzliche Nachricht\" aria-label=\"Zus\u00e4tzliche Nachricht\" data-parsley-errors-container=\".mailpoet_error_1e6yo\"style=\"width:100%;box-sizing:border-box;padding:5px;margin: 0 auto 0 0;\" ><\/textarea><span class=\"mailpoet_error_1e6yo\"><\/span><\/div>\n<div class='mailpoet_spacer mailpoet_has_divider' style='height: 1px;'><div class='mailpoet_divider' data-automation-id='form_divider' style='border-top-style: solid;border-top-width: 1px;border-top-color: black;height: 1px;width: 100%'><\/div><\/div>\n<div class=\"mailpoet_paragraph\"><fieldset><input type=\"hidden\" value=\"1\"  name=\"data[cf_8]\" \/><label class=\"mailpoet_checkbox_label\" for=\"mailpoet_checkbox_1\" ><input type=\"checkbox\" class=\"mailpoet_checkbox\" id=\"mailpoet_checkbox_1\" name=\"data[cf_8]\" value=\"1\" data-parsley-errors-container=\".mailpoet_error_1cwz7\" data-parsley-required=\"true\" required aria-required=\"true\" data-parsley-required-message=\"Dieses Feld wird ben\u00f6tigt.\" data-parsley-group=\"custom_field_8\" \/> Ich erkl\u00e4re mich damit einverstanden, dass meine pers\u00f6nlichen Daten in \u00dcbereinstimmung mit den Datenschutzrichtlinien von Arorian verarbeitet werden und f\u00fcr die Werbung f\u00fcr die Produkte von Arorian und die damit verbundenen Dienstleistungen verwendet werden k\u00f6nnen.<\/label><\/fieldset><span class=\"mailpoet_error_1cwz7\"><\/span><\/div>\n<p class=\"mailpoet_form_paragraph\" style=\"text-align: left\"><span style=\"font-family:\" data-font=\"\" class=\"mailpoet-has-font\">Werfen Sie einen Blick auf unsere <a href=\"https:\/\/arorian.com\/en\/privacy-policy\/\" data-type=\"URL\" data-id=\"https:\/\/arorian.com\/en\/privacy-policy\/\">Datenschutzbestimmungen<\/a> f\u00fcr mehr Information.<\/span><\/p>\n<div class=\"mailpoet_paragraph\"><input type=\"submit\" class=\"mailpoet_submit\" value=\"Senden Sie\" data-automation-id=\"subscribe-submit-button\" style=\"width:100%;box-sizing:border-box;background-color:#ffffff;border-style:solid;border-radius:40px !important;border-width:2px;border-color:#0d4d91;padding:12px;margin: 0 auto 0 0;font-size:16px;line-height:1.5;height:auto;color:#0d4d91;font-weight:bold;\" \/><span class=\"mailpoet_form_loading\"><span class=\"mailpoet_bounce1\"><\/span><span class=\"mailpoet_bounce2\"><\/span><span class=\"mailpoet_bounce3\"><\/span><\/span><\/div>\n\n      <div class=\"mailpoet_message\">\n        <p class=\"mailpoet_validate_success\"\n                style=\"display:none;\"\n                >\u00dcberpr\u00fcfen Sie Ihren Posteingang oder Ihren Spam-Ordner, um Ihr Abonnement zu best\u00e4tigen.\n        <\/p>\n        <p class=\"mailpoet_validate_error\"\n                style=\"display:none;\"\n                >        <\/p>\n      <\/div>\n    <\/form>\n\n      <\/div>\n\n  <\/div><\/div> <\/div><\/div> <\/div><\/div><div  data-label=\"Portfolio\" data-id=\"portfolio--1\" data-export-id=\"portfolio-5\" data-category=\"portfolio\" class=\"portfolio-5 content-section content-section-spacing\" id=\"portfolio-1\" style=\"background-color: rgb(255, 255, 255); background-size: cover; background-position: center top; background-image: none;\"><div  class=\"gridContainer\"> <div  class=\"row text-center\"><div  class=\"section-title-col\" data-type=\"column\">  <\/div> <\/div> <div  class=\"row space-bottom spaced-cols\" data-type=\"row\"> <div  class=\"col-xs-12 col-sm-4 text-center col-md-4\"> <div  class=\"card no-padding bordered\"> <div  data-hover-fx=\"portfolio-6\" class=\"contentswap-effect\"> <div  class=\"initial-image\"> <img  decoding=\"async\" data-size=\"500x333\" src=\"https:\/\/arorian.com\/wp-content\/uploads\/2024\/08\/Windchill-RVS-to-Codebeamer-image.jpg\"><\/div> <div  class=\"overlay bg-color6\"><\/div> <div  class=\"swap-inner col-xs-12\"> <div  class=\"row full-height-row middle-xs middle-sm\"> <div  class=\"col-xs-12 text-center content-holder\"> <a  class=\"button small color2\" href=\"https:\/\/arorian.com\/de\/windchill-rvs-zu-codebeamer-migration\/\" target=\"_self\" data-cp-link=\"1\" data-icon=\"\" rel=\"noopener\">Mehr lesen<\/a><\/div> <\/div><\/div> <\/div> <div  class=\"col-xs-12\"> <div  class=\"space-bottom space-top\" data-type=\"column\"> <h5  class=\"\">Windchill RV&amp;S zu Codebeamer<\/h5> <\/div> <\/div><\/div> <\/div> <div  class=\"col-xs-12 col-sm-4 text-center col-md-4\"> <div  class=\"card no-padding bordered\"> <div  data-hover-fx=\"portfolio-6\" class=\"contentswap-effect\"> <div  class=\"initial-image\"> <img  decoding=\"async\" data-size=\"500x333\" src=\"https:\/\/arorian.com\/wp-content\/uploads\/2024\/07\/Migration-from-IBM-DOORS-to-Codebeamer-image.jpg\"><\/div> <div  class=\"overlay bg-color6\"><\/div> <div  class=\"swap-inner col-xs-12\"> <div  class=\"row full-height-row middle-xs middle-sm\"> <div  class=\"col-xs-12 text-center content-holder\"> <a  class=\"button small color2\" href=\"https:\/\/arorian.com\/de\/migration-von-ibm-doors-zu-codebeamer\/\" target=\"_self\" data-cp-link=\"1\" data-icon=\"\" rel=\"noopener\">Mehr lesen<\/a><\/div> <\/div><\/div> <\/div> <div  class=\"col-xs-12\"> <div  class=\"space-bottom space-top\" data-type=\"column\"> <h5  class=\"\">IBM DOORS zu Codebeamer<\/h5> <\/div> <\/div><\/div> <\/div> <div  class=\"col-xs-12 col-sm-4 text-center col-md-4\"> <div  class=\"card no-padding bordered\"> <div  data-hover-fx=\"portfolio-6\" class=\"contentswap-effect\"> <div  class=\"initial-image\"> <img  decoding=\"async\" data-size=\"500x333\" src=\"https:\/\/arorian.com\/wp-content\/uploads\/2024\/08\/Migration-from-IBM-DOORS-NG-to-Codebeamer-image.jpg\"><\/div> <div  class=\"overlay bg-color6\"><\/div> <div  class=\"swap-inner col-xs-12\"> <div  class=\"row full-height-row middle-xs middle-sm\"> <div  class=\"col-xs-12 text-center content-holder\"> <a  class=\"button small color2\" href=\"https:\/\/arorian.com\/de\/migration-von-ibm-doors-ng-zu-codebeamer\/\" target=\"_self\" data-cp-link=\"1\" data-icon=\"\" rel=\"noopener\">Mehr lesen<\/a><\/div> <\/div><\/div> <\/div> <div  class=\"col-xs-12\"> <div  class=\"space-bottom space-top\" data-type=\"column\"> <h5  class=\"\">IBM DOORS NG zu Codebeamer<\/h5> <\/div> <\/div><\/div> <\/div><\/div> <div  class=\"row\"><div  data-type=\"column\" class=\"col-xs-12 text-center\"> <\/div> <\/div><\/div> <\/div><div  data-label=\"Content\" data-id=\"content--2\" data-export-id=\"content-14\" data-category=\"content\" data-section-ov=\"1\" class=\"content-14 content-section content-section-spacing lightbox-video inverted white-text\" data-parallax-depth=\"20\" id=\"content-2\" style=\"background-color: rgb(245, 250, 253); background-image: url(&quot;https:\/\/arorian.com\/wp-content\/uploads\/2024\/04\/AroMigrator-banner.jpg&quot;); background-size: cover; background-position: center top;\"><div  class=\"gridContainer\"> <div  class=\"row center-xs middle-xs\"><div  class=\"col-xs middle-xs center-xs\"> <a  data-fancybox=\"\" data-video-lightbox=\"true\" href=\"https:\/\/youtu.be\/unm_lWN9XYY\" class=\"\"> <i  class=\"fa video-icon fa-play-circle-o color-white\" data-cp-fa=\"true\"><\/i><\/a> <p  class=\"h2 space-top\">Sehen Sie AroMigrator in Aktion!<\/p><\/div> <\/div><\/div> <\/div>","protected":false},"excerpt":{"rendered":"<p>Check our&nbsp;Codebeamer Migration Services&nbsp; Learn how Arorian Technologies can streamline your migration to Codebeamer with AroMigratorCHECK OUR SERVICES Migration to Codebeamer using AroMigratorAre you looking to streamline your processes and optimize your operations? Let us help you navigate your journey forward. Whether you\u2019re considering migrating to Codebeamer or exploring other avenues for enhancing your systems,&hellip; <br \/> <a class=\"read-more\" href=\"https:\/\/arorian.com\/de\/check-unsere-codebeamer-migrationsdienste\/\">Mehr lesen<\/a><\/p>","protected":false},"author":10,"featured_media":6596,"parent":0,"menu_order":0,"comment_status":"closed","ping_status":"closed","template":"pro\/page-templates\/full-width-page.php","meta":{"content-type":"","footnotes":""},"class_list":["post-5757","page","type-page","status-publish","has-post-thumbnail","hentry"],"aioseo_notices":[],"_links":{"self":[{"href":"https:\/\/arorian.com\/de\/wp-json\/wp\/v2\/pages\/5757","targetHints":{"allow":["GET"]}}],"collection":[{"href":"https:\/\/arorian.com\/de\/wp-json\/wp\/v2\/pages"}],"about":[{"href":"https:\/\/arorian.com\/de\/wp-json\/wp\/v2\/types\/page"}],"author":[{"embeddable":true,"href":"https:\/\/arorian.com\/de\/wp-json\/wp\/v2\/users\/10"}],"replies":[{"embeddable":true,"href":"https:\/\/arorian.com\/de\/wp-json\/wp\/v2\/comments?post=5757"}],"version-history":[{"count":25,"href":"https:\/\/arorian.com\/de\/wp-json\/wp\/v2\/pages\/5757\/revisions"}],"predecessor-version":[{"id":16360,"href":"https:\/\/arorian.com\/de\/wp-json\/wp\/v2\/pages\/5757\/revisions\/16360"}],"wp:featuredmedia":[{"embeddable":true,"href":"https:\/\/arorian.com\/de\/wp-json\/wp\/v2\/media\/6596"}],"wp:attachment":[{"href":"https:\/\/arorian.com\/de\/wp-json\/wp\/v2\/media?parent=5757"}],"curies":[{"name":"wp","href":"https:\/\/api.w.org\/{rel}","templated":true}]}}