{"id":7324,"date":"2024-06-12T12:48:37","date_gmt":"2024-06-12T10:48:37","guid":{"rendered":"https:\/\/arorian.com\/?page_id=7324"},"modified":"2024-11-05T13:50:47","modified_gmt":"2024-11-05T12:50:47","slug":"medteclive-2024-tickets","status":"publish","type":"page","link":"https:\/\/arorian.com\/de\/medteclive-2024-tickets\/","title":{"rendered":"Press Release: Claim Your Free MedtecLIVE 2024 Ticket with Arorian"},"content":{"rendered":"<div  data-label=\"Content\" data-id=\"content--1\" data-export-id=\"content-7\" data-category=\"content\" class=\"content-7 content-section content-section-spacing white-text\" id=\"content-1\" style=\"background-color: rgb(255, 255, 255); background-size: cover; background-position: center top; background-image: url(&quot;https:\/\/arorian.com\/wp-content\/uploads\/2024\/06\/MedtecLIVE-free-tickets-banner.jpg&quot;);\" data-section-ov=\"1\"><div  class=\"gridContainer\"> <div  class=\"row middle-sm\"><div  class=\"col-sm-6 space-bottom-xs\" data-type=\"column\"> <h5  class=\"\">PRESSEMITTEILUNG<\/h5>  <h1  class=\"\">Medizintechnik-Innovationen:\n<br >MedtecLIVE 2024 statt<\/h1><p  class=\"lead\">Sichern Sie sich Ihr kostenloses Ticket zur MedtecLIVE 2024<br >\nmit Arorian Technologies und cplace<br ><br >\n18.-20. Juni 2024<br >Stand: 1-439<\/p><\/div> <div  class=\"col-sm-6\" data-type=\"column\"> <\/div> <\/div><\/div> <\/div><div  data-label=\"Content\" data-id=\"content--2\" data-export-id=\"content-12\" data-category=\"content\" class=\"content-12 content-section content-section-spacing\" id=\"content-2\" style=\"background-color: rgb(255, 255, 255); background-image: none;\"><div  class=\"gridContainer\"> <div  class=\"row text-center\"><div  class=\"section-title-col\" data-type=\"column\"> <h4  class=\"\">FRANKFURT | 13. Juni 2024<\/h4><h2  class=\"\" style=\"border-bottom-color: rgb(13, 77, 145);\">Fordern Sie Ihr kostenloses Ticket f\u00fcr MedtecLIVE mit Arorian Technologies an!<\/h2> <p  class=\"lead\" style=\"text-align: justify;\">Sind Sie bereit, die Zukunft der Medizintechnik-Innovation zu erleben? Besuchen Sie uns auf der MedtecLIVE 2024, wo Arorian Technologies und cplace stolze Aussteller sind und unsere fortschrittlichen L\u00f6sungen f\u00fcr die MedTech-Branche pr\u00e4sentieren.<\/p><h3  class=\"\" style=\"text-align: justify;\"><span  style=\"color: rgb(13, 77, 145);\">MedTecLIVE: Wo Innovationen gedeihen<\/span><\/h3><p  class=\"lead\" style=\"text-align: justify;\">MedtecLIVE ist eine erstklassige internationale Veranstaltung, die die kl\u00fcgsten K\u00f6pfe und f\u00fchrenden Unternehmen der Medizintechnikbranche zusammenbringt. Als Drehscheibe f\u00fcr Networking, Zusammenarbeit und Innovation bietet MedtecLIVE eine einzigartige Gelegenheit, die neuesten Fortschritte in der Medizintechnik kennenzulernen.<\/p><h3  class=\"\" style=\"text-align: justify;\"><span  style=\"color: rgb(13, 77, 145);\">Was Sie an unserem Stand erwartet<\/span><\/h3><p  class=\"lead\" style=\"text-align: justify;\">Bei Arorian Technologies haben wir uns der F\u00f6rderung von Innovation und Spitzenleistungen im MedTech-Bereich verschrieben. Besuchen Sie unseren Stand und entdecken Sie unsere neuesten L\u00f6sungen und Dienstleistungen, darunter:\n<br ><br ><b >\n\u2022 ALM f\u00fcr Compliance- und Komplexit\u00e4tsmanagement:<\/b> Vereinfachen Sie die Compliance und bew\u00e4ltigen Sie die Komplexit\u00e4t der MedTech-Produktentwicklung mit unseren ALM-L\u00f6sungen.\n<br ><br ><b >\n\u2022 Qualit\u00e4tssicherung und R\u00fcckverfolgbarkeit:<\/b> Stellen Sie mit unseren fortschrittlichen Tools eine hohe Produktqualit\u00e4t sicher und bewahren Sie die durchg\u00e4ngige R\u00fcckverfolgbarkeit im MedTech-Sektor.\n<br ><br ><b >\n\u2022 Nahtlose Integration von ALM und PPM:<\/b> Erleben Sie, wie unsere integrierten ALM- und PPM-L\u00f6sungen Innovation, Compliance und Effizienz in der Medizintechnik verbessern.\n<br ><br ><b >\n\u2022 AroMigrator und AroTrace:<\/b> Entdecken Sie unsere Migrations- und R\u00fcckverfolgbarkeitsl\u00f6sungen, die speziell auf die MedTech-Branche zugeschnitten sind.<\/p><h3  class=\"\" style=\"text-align: justify;\"><span  style=\"color: rgb(13, 77, 145);\">Fordern Sie jetzt Ihr kostenloses Ticket an!<\/span><\/h3><p  class=\"lead\" style=\"text-align: justify;\">Als gesch\u00e4tzter Partner von MedtecLIVE freuen wir uns, Ihnen ein Gratisticket f\u00fcr diese Veranstaltung anbieten zu k\u00f6nnen. F\u00fcllen Sie einfach das untenstehende Formular aus, um Ihr kostenloses Ticket zu erhalten und an dieser transformativen Veranstaltung teilzunehmen.<\/p><a class=\"button big color1 round outline\" href=\"https:\/\/arorian.com\/de\/medtech-veranstaltung-medteclive-2024\/\" target=\"_self\" data-cp-link=\"1\" data-icon=\"\" rel=\"noopener\">FORDERN SIE IHR TICKET AN<\/a><\/div> <\/div> <div  class=\"row center-xs middle-xs\"> <div  class=\"col-sm-9\" data-type=\"column\"> <\/div> <\/div><\/div> <\/div><div  data-label=\"Content\" data-id=\"content--8\" data-export-id=\"content-12\" data-category=\"content\" class=\"content-12 content-section content-section-spacing\" id=\"content-8\" style=\"background-color: rgb(255, 255, 255);\"><div  class=\"gridContainer\"> <div  class=\"row text-center\"><div  class=\"section-title-col\" data-type=\"column\">  <p  class=\"lead\" style=\"text-align: justify;\">Wir freuen uns, Sie auf der MedtecLIVE kennenzulernen und Ihnen zu zeigen, wie unsere innovativen L\u00f6sungen zu erheblichen Verbesserungen der Gesundheitsergebnisse und der betrieblichen Effizienz f\u00fchren k\u00f6nnen. Verpassen Sie nicht diese Chance, mit Arorian Technologies und cplace Teil der Zukunft der Medizintechnik zu sein!<\/p><a class=\"button big color1 round outline\" href=\"https:\/\/www.medteclive.com\/de\/ueber-die-messe\" target=\"_self\" data-cp-link=\"1\" data-icon=\"\" rel=\"noopener\">Mehr zur MedtecLIVE<\/a><img  decoding=\"async\" class=\"custom-image\" src=\"https:\/\/arorian.com\/wp-content\/uploads\/2024\/05\/MedTech-MedtecLIVE-image.jpg\" title=\"Medizintechnik MedtecLIVE Bild\" alt=\"Medizintechnik\"><\/div> <\/div> <div  class=\"row center-xs middle-xs\"> <div  class=\"col-sm-9\" data-type=\"column\"> <\/div> <\/div><\/div> <\/div><div  data-label=\"Content\" data-id=\"content--3\" data-export-id=\"content-12\" data-category=\"content\" class=\"content-12 content-section content-section-spacing\" id=\"content-3\" style=\"background-color: rgb(243, 242, 242); background-image: none;\"><div  class=\"gridContainer\"> <div  class=\"row text-center\"><div  class=\"section-title-col\" data-type=\"column\">  <h4  class=\"\" style=\"text-align: left;\">\u00dcBER ARORIAN<\/h4><p  class=\"lead\" style=\"text-align: justify;\">Arorian ist ein weltweit f\u00fchrender Anbieter von digitalen L\u00f6sungen und Dienstleistungen, die die Transformation und das Wachstum von Unternehmen in verschiedenen Branchen vorantreiben. Mit dem Fokus auf Innovation und Exzellenz bietet Arorian seinen Kunden einen unvergleichlichen Mehrwert, indem das Unternehmen die Kraft der Technologie zur L\u00f6sung komplexer Herausforderungen nutzt.\n<br ><br ><b ><span  style=\"color: rgb(13, 77, 145);\">\nArorian Medienkontakt<\/span><\/b><br >\nE-Mail: media@arorian.com<\/p><\/div> <\/div> <div  class=\"row center-xs middle-xs\"> <div  class=\"col-sm-9\" data-type=\"column\"> <\/div> <\/div><\/div> <\/div><div  data-label=\"Portfolio\" data-id=\"portfolio--2\" data-export-id=\"portfolio-5\" data-category=\"portfolio\" class=\"portfolio-5 content-section content-section-spacing\" id=\"portfolio-1\" style=\"background-color: rgb(255, 255, 255); background-image: none;\"><div  class=\"gridContainer\"> <div  class=\"row text-center\"><div  class=\"section-title-col\" data-type=\"column\">  <h4  class=\"\">AKTUELLE PRESSEMITTEILUNGEN<\/h4><\/div> <\/div> <div  class=\"row space-bottom spaced-cols\" data-type=\"row\"> <div  class=\"col-xs-12 col-sm-4 text-center\"> <div  class=\"card no-padding bordered\"> <div  data-hover-fx=\"portfolio-6\" class=\"contentswap-effect\"> <div  class=\"initial-image\"> <img  decoding=\"async\" data-size=\"500x333\" src=\"https:\/\/arorian.com\/wp-content\/uploads\/2024\/06\/ALM-Connect-2024-3.jpg\"><\/div> <div  class=\"overlay bg-color6\"><\/div> <div  class=\"swap-inner col-xs-12\"> <div  class=\"row full-height-row middle-xs middle-sm\"> <div  class=\"col-xs-12 text-center content-holder\"> <a class=\"button small color2\" href=\"https:\/\/arorian.com\/de\/arorian-technologies-codebeamer-alm-connect-2024\/\" target=\"_self\" data-cp-link=\"1\" data-icon=\"\" rel=\"noopener\">Mehr lesen<\/a><\/div> <\/div><\/div> <\/div> <div  class=\"col-xs-12\"> <div  class=\"space-bottom space-top\" data-type=\"column\"> <h5 class=\"\"  style=\"text-align: justify;\">12. Juni 2024<\/h5><h5  class=\"\" style=\"text-align: left;\">Arorian Technologies auf der ALM Connect 2024<\/h5> <\/div> <\/div><\/div> <\/div><div  class=\"col-xs-12 col-sm-4 text-center\"> <div  class=\"card no-padding bordered\"> <div  data-hover-fx=\"portfolio-6\" class=\"contentswap-effect\"> <div  class=\"initial-image\"> <img  decoding=\"async\" data-size=\"500x333\" src=\"https:\/\/arorian.com\/wp-content\/uploads\/2024\/06\/Arorian-Technologies-New-Delhi-India.jpg\"><\/div> <div  class=\"overlay bg-color6\"><\/div> <div  class=\"swap-inner col-xs-12\"> <div  class=\"row full-height-row middle-xs middle-sm\"> <div  class=\"col-xs-12 text-center content-holder\"> <a class=\"button small color2\" href=\"https:\/\/arorian.com\/de\/arorian-technologies-eroffnet-neues-delhi-buro\/\" target=\"_self\" data-cp-link=\"1\" data-icon=\"\" rel=\"noopener\">Mehr lesen<\/a><\/div> <\/div><\/div> <\/div> <div  class=\"col-xs-12\"> <div  class=\"space-bottom space-top\" data-type=\"column\"> <h5 class=\"\"  style=\"text-align: justify;\">10. Juni 2024<\/h5><h5  class=\"\" style=\"text-align: left;\">Arorian Technologies er\u00f6ffnet neues B\u00fcro in Neu Delhi<\/h5> <\/div> <\/div><\/div> <\/div><div  class=\"col-xs-12 col-sm-4 text-center\"> <div  class=\"card no-padding bordered\"> <div  data-hover-fx=\"portfolio-6\" class=\"contentswap-effect\"> <div  class=\"initial-image\"> <img  decoding=\"async\" data-size=\"500x333\" src=\"https:\/\/arorian.com\/wp-content\/uploads\/2024\/05\/Arorian-Technologies-office-in-Stuttgart-image.jpg\"><\/div> <div  class=\"overlay bg-color6\"><\/div> <div  class=\"swap-inner col-xs-12\"> <div  class=\"row full-height-row middle-xs middle-sm\"> <div  class=\"col-xs-12 text-center content-holder\"> <a class=\"button small color2\" href=\"https:\/\/arorian.com\/de\/arorian-technologies-expandiert-nach-stuttgart\/\" target=\"_self\" data-cp-link=\"1\" data-icon=\"\" rel=\"noopener\">Mehr lesen<\/a><\/div> <\/div><\/div> <\/div> <div  class=\"col-xs-12\"> <div  class=\"space-bottom space-top\" data-type=\"column\"> <h5 class=\"\"  style=\"text-align: justify;\">9. Mai 2024<\/h5><h5  class=\"\" style=\"text-align: left;\">Arorian Technologies erweitert seine Pr\u00e4senz mit einem neuen B\u00fcro in Stuttgart<\/h5> <\/div> <\/div><\/div> <\/div>  <\/div> <div  class=\"row\"><div  data-type=\"column\" class=\"col-xs-12 text-center\"> <\/div> <\/div><\/div> <\/div><div  data-label=\"Content\" data-id=\"content--4\" data-export-id=\"content-7\" data-category=\"content\" class=\"content-7 content-section content-section-spacing\" id=\"content-4\" style=\"background-color: rgb(243, 242, 242); background-image: none;\"><div  class=\"gridContainer\"> <div  class=\"row middle-sm\"><div  class=\"col-sm-6 space-bottom-xs\" data-type=\"column\"> <h1  class=\"\">Bleiben Sie auf dem Laufenden!<\/h1><h2  class=\"no-after\">Abonnieren Sie noch heute unseren Newsletter<\/h2>  <\/div> <div  class=\"col-sm-6\" data-type=\"column\"><div  data-editable=\"true\" data-name=\"ope-custom-content-shortcode\" data-content-shortcode=\"mailpoet_form id=&quot;7&quot;\" class=\"\">  \n  \n  <div class=\"mailpoet_form_popup_overlay\"><\/div>\n  <div\n    id=\"mailpoet_form_7\"\n    class=\"mailpoet_form      mailpoet_form_shortcode      mailpoet_form_position_      mailpoet_form_animation_\"\n      >\n\n    <style type=\"text\/css\">\n     #mailpoet_form_7 .mailpoet_form {  }\n#mailpoet_form_7 form { margin-bottom: 0; }\n#mailpoet_form_7 p.mailpoet_form_paragraph.last { margin-bottom: 0px; }\n#mailpoet_form_7 h2.mailpoet-heading { margin: -10px 0 10px 0; }\n#mailpoet_form_7 .mailpoet_column_with_background { padding: 10px; }\n#mailpoet_form_7 .mailpoet_form_column:not(:first-child) { margin-left: 20px; }\n#mailpoet_form_7 .mailpoet_paragraph { line-height: 20px; margin-bottom: 20px; }\n#mailpoet_form_7 .mailpoet_segment_label, #mailpoet_form_7 .mailpoet_text_label, #mailpoet_form_7 .mailpoet_textarea_label, #mailpoet_form_7 .mailpoet_select_label, #mailpoet_form_7 .mailpoet_radio_label, #mailpoet_form_7 .mailpoet_checkbox_label, #mailpoet_form_7 .mailpoet_list_label, #mailpoet_form_7 .mailpoet_date_label { display: block; font-weight: normal; }\n#mailpoet_form_7 .mailpoet_text, #mailpoet_form_7 .mailpoet_textarea, #mailpoet_form_7 .mailpoet_select, #mailpoet_form_7 .mailpoet_date_month, #mailpoet_form_7 .mailpoet_date_day, #mailpoet_form_7 .mailpoet_date_year, #mailpoet_form_7 .mailpoet_date { display: block; }\n#mailpoet_form_7 .mailpoet_text, #mailpoet_form_7 .mailpoet_textarea { width: 200px; }\n#mailpoet_form_7 .mailpoet_checkbox {  }\n#mailpoet_form_7 .mailpoet_submit {  }\n#mailpoet_form_7 .mailpoet_divider {  }\n#mailpoet_form_7 .mailpoet_message {  }\n#mailpoet_form_7 .mailpoet_form_loading { width: 30px; text-align: center; line-height: normal; }\n#mailpoet_form_7 .mailpoet_form_loading > span { width: 5px; height: 5px; background-color: #5b5b5b; }#mailpoet_form_7{border-radius: 4px;color: #ffffff;text-align: left;}#mailpoet_form_7 form.mailpoet_form {padding: 10px;}#mailpoet_form_7{width: 100%;}#mailpoet_form_7 .mailpoet_message {margin: 0; padding: 0 20px;}\n        #mailpoet_form_7 .mailpoet_validate_success {color: #00d084}\n        #mailpoet_form_7 input.parsley-success {color: #00d084}\n        #mailpoet_form_7 select.parsley-success {color: #00d084}\n        #mailpoet_form_7 textarea.parsley-success {color: #00d084}\n      \n        #mailpoet_form_7 .mailpoet_validate_error {color: #cf2e2e}\n        #mailpoet_form_7 input.parsley-error {color: #cf2e2e}\n        #mailpoet_form_7 select.parsley-error {color: #cf2e2e}\n        #mailpoet_form_7 textarea.textarea.parsley-error {color: #cf2e2e}\n        #mailpoet_form_7 .parsley-errors-list {color: #cf2e2e}\n        #mailpoet_form_7 .parsley-required {color: #cf2e2e}\n        #mailpoet_form_7 .parsley-custom-error-message {color: #cf2e2e}\n      #mailpoet_form_7 .mailpoet_paragraph.last {margin-bottom: 0} @media (max-width: 500px) {#mailpoet_form_7 {background-image: none;}} @media (min-width: 500px) {#mailpoet_form_7 .last .mailpoet_paragraph:last-child {margin-bottom: 0}}  @media (max-width: 500px) {#mailpoet_form_7 .mailpoet_form_column:last-child .mailpoet_paragraph:last-child {margin-bottom: 0}} \n    <\/style>\n\n    <form\n      target=\"_self\"\n      method=\"post\"\n      action=\"https:\/\/arorian.com\/wp-admin\/admin-post.php?action=mailpoet_subscription_form\"\n      class=\"mailpoet_form mailpoet_form_form mailpoet_form_shortcode\"\n      novalidate\n data-delay=\"\"\n      data-exit-intent-enabled=\"\"\n      data-trigger-mode=\"\"\n      data-click-trigger-selector=\"\"\n      data-font-family=\"\"\n      data-cookie-expiration-time=\"\"\n    >\n      <input type=\"hidden\" name=\"data[form_id]\" value=\"7\" \/>\n      <input type=\"hidden\" name=\"token\" value=\"3380fb97f5\" \/>\n      <input type=\"hidden\" name=\"api_version\" value=\"v1\" \/>\n      <input type=\"hidden\" name=\"endpoint\" value=\"subscribers\" \/>\n      <input type=\"hidden\" name=\"mailpoet_method\" value=\"subscribe\" \/>\n\n      <label class=\"mailpoet_hp_email_label\" style=\"display: none !important;\">Bitte dieses Feld leer lassen<input type=\"email\" name=\"data[email]\"\/><\/label><div class=\"mailpoet_paragraph\"><input type=\"text\" autocomplete=\"given-name\" class=\"mailpoet_text\" id=\"form_first_name_7\" name=\"data[form_field_ZWNjMzZjNGFkMWNiX2ZpcnN0X25hbWU=]\" title=\"Vorname\" value=\"\" style=\"width:100%;box-sizing:border-box;padding:10px;margin: 0 auto 0 0;font-size:15px;line-height:1.5;height:auto;\" data-automation-id=\"form_first_name\"  placeholder=\"Vorname\" aria-label=\"Vorname\" data-parsley-errors-container=\".mailpoet_error_sph9u\" data-parsley-names='[&quot;Bitte gib einen g\u00fcltigen Namen an.&quot;,&quot;Adressen in Namen sind nicht erlaubt, bitte f\u00fcge stattdessen deinen Namen hinzu.&quot;]' data-parsley-required=\"true\" required aria-required=\"true\" data-parsley-required-message=\"Dieses Feld wird ben\u00f6tigt.\"\/><span class=\"mailpoet_error_sph9u\"><\/span><\/div>\n<div class=\"mailpoet_paragraph\"><input type=\"text\" autocomplete=\"family-name\" class=\"mailpoet_text\" id=\"form_last_name_7\" name=\"data[form_field_MzE5MzU1Y2M5ZjgyX2xhc3RfbmFtZQ==]\" title=\"Nachname\" value=\"\" style=\"width:100%;box-sizing:border-box;padding:10px;margin: 0 auto 0 0;font-size:15px;line-height:1.5;height:auto;\" data-automation-id=\"form_last_name\"  placeholder=\"Nachname\" aria-label=\"Nachname\" data-parsley-errors-container=\".mailpoet_error_1058w\" data-parsley-names='[&quot;Bitte gib einen g\u00fcltigen Namen an.&quot;,&quot;Adressen in Namen sind nicht erlaubt, bitte f\u00fcge stattdessen deinen Namen hinzu.&quot;]' data-parsley-required=\"true\" required aria-required=\"true\" data-parsley-required-message=\"Dieses Feld wird ben\u00f6tigt.\"\/><span class=\"mailpoet_error_1058w\"><\/span><\/div>\n<div class=\"mailpoet_paragraph\"><input type=\"email\" autocomplete=\"email\" class=\"mailpoet_text\" id=\"form_email_7\" name=\"data[form_field_MGUxZmYwNjRhNjMzX2VtYWls]\" title=\"Gesch\u00e4ftliche E-Mail\" value=\"\" style=\"width:100%;box-sizing:border-box;padding:10px;margin: 0 auto 0 0;font-size:15px;line-height:1.5;height:auto;\" data-automation-id=\"form_email\"  placeholder=\"Gesch\u00e4ftliche E-Mail\" aria-label=\"Gesch\u00e4ftliche E-Mail\" data-parsley-errors-container=\".mailpoet_error_1yr82\" data-parsley-required=\"true\" required aria-required=\"true\" data-parsley-minlength=\"6\" data-parsley-maxlength=\"150\" data-parsley-type-message=\"Dieser Wert sollte eine g\u00fcltige E-Mail-Adresse sein.\" data-parsley-required-message=\"Dieses Feld wird ben\u00f6tigt.\"\/><span class=\"mailpoet_error_1yr82\"><\/span><\/div>\n<div class=\"mailpoet_paragraph\"><input type=\"text\" autocomplete=\"on\" class=\"mailpoet_text\" id=\"form_1_7\" name=\"data[cf_1]\" title=\"Unternehmen\" value=\"\" style=\"width:100%;box-sizing:border-box;padding:10px;margin: 0 auto 0 0;font-size:15px;line-height:1.5;height:auto;\"   placeholder=\"Unternehmen\" aria-label=\"Unternehmen\" data-parsley-errors-container=\".mailpoet_error_dmvrv\" data-parsley-required=\"true\" required aria-required=\"true\" data-parsley-required-message=\"Dieses Feld wird ben\u00f6tigt.\"\/><span class=\"mailpoet_error_dmvrv\"><\/span><\/div>\n<div class=\"mailpoet_paragraph\"><select\n      class=\"mailpoet_select\"\n      name=\"data[cf_2]\" style=\"padding:10px;margin: 0 auto 0 0;\"><option value=\"\" disabled selected hidden>Land<\/option><option value=\"Australia\">Australia<\/option><option value=\"Austria\">Austria<\/option><option value=\"Belgium\">Belgium<\/option><option value=\"Canada\">Canada<\/option><option value=\"China\">China<\/option><option value=\"Czech Republic\">Czech Republic<\/option><option value=\"Denmark\">Denmark<\/option><option value=\"Finland\">Finland<\/option><option value=\"France\">France<\/option><option value=\"Germany\">Germany<\/option><option value=\"Hungary\">Hungary<\/option><option value=\"India\">India<\/option><option value=\"Italy\">Italy<\/option><option value=\"Japan\">Japan<\/option><option value=\"Luxembourg\">Luxembourg<\/option><option value=\"Mexico\">Mexico<\/option><option value=\"Netherlands\">Netherlands<\/option><option value=\"New Zealand\">New Zealand<\/option><option value=\"Norway\">Norway<\/option><option value=\"Poland\">Poland<\/option><option value=\"Portugal\">Portugal<\/option><option value=\"Romania\">Romania<\/option><option value=\"Saudi Arabia\">Saudi Arabia<\/option><option value=\"Singapore\">Singapore<\/option><option value=\"South Africa\">South Africa<\/option><option value=\"Spain\">Spain<\/option><option value=\"Sweden\">Sweden<\/option><option value=\"Switzerland\">Switzerland<\/option><option value=\"Turkey\">Turkey<\/option><option value=\"United Arab Emirates\">United Arab Emirates<\/option><option value=\"United Kingdom\">United Kingdom<\/option><option value=\"USA\">USA<\/option><option value=\"Other\">Andere<\/option><\/select><span class=\"mailpoet_error_8la3j\"><\/span><\/div>\n<div class=\"mailpoet_paragraph\"><fieldset><input type=\"hidden\" value=\"1\"  name=\"data[cf_8]\" \/><label class=\"mailpoet_checkbox_label\" for=\"mailpoet_checkbox_1\" style=\"font-size: 15px;line-height: 1.2;\"><input type=\"checkbox\" class=\"mailpoet_checkbox\" id=\"mailpoet_checkbox_1\" name=\"data[cf_8]\" value=\"1\" data-parsley-errors-container=\".mailpoet_error_sytt6\" data-parsley-required=\"true\" required aria-required=\"true\" data-parsley-required-message=\"Dieses Feld wird ben\u00f6tigt.\" data-parsley-group=\"custom_field_8\" \/> Ich erkl\u00e4re mich damit einverstanden, dass meine pers\u00f6nlichen Daten in \u00dcbereinstimmung mit den Datenschutzrichtlinien von Arorian verarbeitet werden und f\u00fcr die Werbung f\u00fcr die Produkte von Arorian und die damit verbundenen Dienstleistungen verwendet werden k\u00f6nnen.<\/label><\/fieldset><span class=\"mailpoet_error_sytt6\"><\/span><\/div>\n<p class=\"mailpoet_form_paragraph  mailpoet-has-font-size\" style=\"text-align: left; color: #000000; font-size: 10px\"><span style=\"font-family:\" data-font=\"\" class=\"mailpoet-has-font\">Werfen Sie einen Blick auf unsere\u00a0<a href=\"https:\/\/arorian.com\/en\/privacy-policy\/\">Datenschutzbestimmungen<\/a>\u00a0f\u00fcr mehr Information.<\/span><\/p>\n<div class=\"mailpoet_paragraph\"><input type=\"submit\" class=\"mailpoet_submit\" value=\"Subscribe\" data-automation-id=\"subscribe-submit-button\" data-font-family='Work Sans' style=\"width:100%;box-sizing:border-box;background-color:#0f6195;border-style:solid;border-radius:40px !important;border-width:1px;border-color:#0f6195;padding:12px;margin: 0 auto 0 0;font-family:&#039;Work Sans&#039;;font-size:NaN;line-height:1.5;height:auto;color:#ffffff;\" \/><span class=\"mailpoet_form_loading\"><span class=\"mailpoet_bounce1\"><\/span><span class=\"mailpoet_bounce2\"><\/span><span class=\"mailpoet_bounce3\"><\/span><\/span><\/div>\n\n      <div class=\"mailpoet_message\">\n        <p class=\"mailpoet_validate_success\"\n                style=\"display:none;\"\n                >\u00dcberpr\u00fcfen Sie Ihren Posteingang oder Ihren Spam-Ordner, um Ihr Abonnement zu best\u00e4tigen.\n        <\/p>\n        <p class=\"mailpoet_validate_error\"\n                style=\"display:none;\"\n                >        <\/p>\n      <\/div>\n    <\/form>\n\n      <\/div>\n\n  <\/div> <\/div> <\/div><\/div> <\/div>","protected":false},"excerpt":{"rendered":"<p>PRESS RELEASE MedTech Innovations: MedtecLIVE 2024Claim your free ticket to MedtecLIVE 2024 with Arorian Technologies and cplace June 18\u201320, 2024Booth: 1-439 FRANKFURT | June 13, 2024Claim Your Free Ticket to MedtecLIVE with Arorian Technologies! Are you ready to experience the future of medical technology innovation? Join us at MedtecLIVE 2024, where Arorian Technologies and cplace&hellip; <br \/> <a class=\"read-more\" href=\"https:\/\/arorian.com\/de\/medteclive-2024-tickets\/\">Mehr lesen<\/a><\/p>","protected":false},"author":10,"featured_media":7342,"parent":0,"menu_order":0,"comment_status":"closed","ping_status":"closed","template":"pro\/page-templates\/full-width-page.php","meta":{"content-type":"","footnotes":""},"class_list":["post-7324","page","type-page","status-publish","has-post-thumbnail","hentry"],"aioseo_notices":[],"_links":{"self":[{"href":"https:\/\/arorian.com\/de\/wp-json\/wp\/v2\/pages\/7324","targetHints":{"allow":["GET"]}}],"collection":[{"href":"https:\/\/arorian.com\/de\/wp-json\/wp\/v2\/pages"}],"about":[{"href":"https:\/\/arorian.com\/de\/wp-json\/wp\/v2\/types\/page"}],"author":[{"embeddable":true,"href":"https:\/\/arorian.com\/de\/wp-json\/wp\/v2\/users\/10"}],"replies":[{"embeddable":true,"href":"https:\/\/arorian.com\/de\/wp-json\/wp\/v2\/comments?post=7324"}],"version-history":[{"count":9,"href":"https:\/\/arorian.com\/de\/wp-json\/wp\/v2\/pages\/7324\/revisions"}],"predecessor-version":[{"id":11896,"href":"https:\/\/arorian.com\/de\/wp-json\/wp\/v2\/pages\/7324\/revisions\/11896"}],"wp:featuredmedia":[{"embeddable":true,"href":"https:\/\/arorian.com\/de\/wp-json\/wp\/v2\/media\/7342"}],"wp:attachment":[{"href":"https:\/\/arorian.com\/de\/wp-json\/wp\/v2\/media?parent=7324"}],"curies":[{"name":"wp","href":"https:\/\/api.w.org\/{rel}","templated":true}]}}